{"id":98322,"date":"2021-02-11T19:22:37","date_gmt":"2021-02-12T01:22:37","guid":{"rendered":"https:\/\/canal7slp.tv\/2026\/?page_id=98322"},"modified":"2025-03-05T22:17:46","modified_gmt":"2025-03-06T04:17:46","slug":"tv-hogar","status":"publish","type":"page","link":"https:\/\/canal7slp.tv\/2026\/producciones\/tv-hogar\/","title":{"rendered":"TV HOGAR"},"content":{"rendered":"<p>En <strong>TV HOGAR<\/strong>\u00a0le mostraremos las mejores ofertas del mercado inmobiliario, con informaci\u00f3n clara y completa para que r\u00e1pidamente encuentre la casa, departamento, terreno o local comercial que est\u00e1 buscando.<\/p>\n<p>TV Hogar es una producci\u00f3n especializada en el mercado de bienes ra\u00edces. Nuestro objetivo es la promoci\u00f3n de empresas inmobiliarias, constructoras y desarrolladoras.<\/p>\n<p><strong>Porque lo que nos importa en TV Hogar\u00a0 \u201c<\/strong>es que usted, estrene Casa<strong>\u201d.<\/strong><\/p>\n<p>Cada s\u00e1bado en punto de las 10:00hrs y jueves a las 23:00hrs<\/p>\n<p><a href=\"https:\/\/www.facebook.com\/TVHogarC7\" target=\"_blank\" rel=\"noopener\"><img loading=\"lazy\" decoding=\"async\" class=\"alignleft wp-image-139635 size-full\" style=\"font-size: 19.4286px;\" src=\"https:\/\/canal7slp.tv\/2026\/wp-content\/uploads\/2024\/08\/icono-facebook.jpg\" alt=\"\" width=\"40\" height=\"40\" \/><\/a><a href=\"https:\/\/www.instagram.com\/tvhogarc7\/\" target=\"_blank\" rel=\"noopener\"><img loading=\"lazy\" decoding=\"async\" class=\"alignleft wp-image-139637 size-full\" style=\"font-size: 19.4286px;\" src=\"https:\/\/canal7slp.tv\/2026\/wp-content\/uploads\/2024\/08\/icono-instagram.jpg\" alt=\"\" width=\"40\" height=\"40\" \/><\/a><\/p>\n<p>&nbsp;<\/p>\n<p>&nbsp;<\/p>\n<hr \/>\n<h3 style=\"text-align: justify;\">VIDEOS<\/h3>\n<div class=\"automatic-youtube-gallery ayg\">\n        <ayg-theme-classic id=\"ayg-6c2101f369ec5ceb28b4ecfd9a1cb911\" class=\"ayg-theme ayg-theme-classic\" data-params=\"{&quot;uid&quot;:&quot;6c2101f369ec5ceb28b4ecfd9a1cb911&quot;,&quot;loop&quot;:0,&quot;autoadvance&quot;:0,&quot;player_title&quot;:1,&quot;player_description&quot;:0}\">\n        <div class=\"ayg-player\">\n            <div class=\"ayg-player-container\" style=\"max-width: 100%;\">\n                <ayg-player src=\"https:\/\/www.youtube.com\/embed\/SxBEoNhder0?enablejsapi=1&#038;playsinline=1&#038;rel=0&#038;autoplay=1&#038;modestbranding=1&#038;iv_load_policy=3\" ratio=\"56.25\" title=\"CANAL 7 - 30 ANIVERSARIO - V1\" poster=\"https:\/\/i.ytimg.com\/vi\/SxBEoNhder0\/maxresdefault.jpg\"><\/ayg-player>           \n            <\/div>\n            <div class=\"ayg-player-caption\">\n                    \n                    <h2 class=\"ayg-player-title\">CANAL 7 - 30 ANIVERSARIO - V1<\/h2>  \n                                            <\/div>\n        <\/div>\n        <div class=\"ayg-videos ayg-gallery ayg-row\">\n                            <div class=\"ayg-video ayg-video-SxBEoNhder0 ayg-col ayg-col-3 ayg-col-xs-2 ayg-active\">\n                    <div class=\"ayg-thumbnail\" data-id=\"SxBEoNhder0\" data-title=\"CANAL 7 - 30 ANIVERSARIO - V1\" data-url=\"\">\n    <div class=\"ayg-thumbnail-media\" style=\"--ayg-image-ratio: 16 \/ 9\">\n        <img loading=\"lazy\" src=\"https:\/\/i.ytimg.com\/vi\/SxBEoNhder0\/maxresdefault.jpg\" class=\"ayg-thumbnail-image\" width=\"1280\" height=\"720\" alt=\"CANAL 7 - 30 ANIVERSARIO - V1\" decoding=\"async\"\/><div class=\"ayg-thumbnail-now-playing\" style=\"display: none;\">Now Playing<\/div><svg xmlns=\"http:\/\/www.w3.org\/2000\/svg\" fill=\"white\" width=\"40\" height=\"40\" viewBox=\"0 0 24 24\" class=\"ayg-icon ayg-thumbnail-icon-play\" title=\"Play\" aria-label=\"Play\"><path fill-rule=\"evenodd\" d=\"M2.25 12c0-5.385 4.365-9.75 9.75-9.75s9.75 4.365 9.75 9.75-4.365 9.75-9.75 9.75S2.25 17.385 2.25 12Zm14.024-.983a1.125 1.125 0 0 1 0 1.966l-5.603 3.113A1.125 1.125 0 0 1 9 15.113V8.887c0-.857.921-1.4 1.671-.983l5.603 3.113Z\" clip-rule=\"evenodd\" \/><\/svg>        \n    <\/div>\n    <div class=\"ayg-thumbnail-caption\">\n         \n            <div class=\"ayg-thumbnail-title\">CANAL 7 - 30 ANIVERSARIO - V1<\/div>\n         \n                    <\/div>           \n<\/div>                <\/div>\n                            <div class=\"ayg-video ayg-video-3hu8SH_buPo ayg-col ayg-col-3 ayg-col-xs-2\">\n                    <div class=\"ayg-thumbnail\" data-id=\"3hu8SH_buPo\" data-title=\"30 ANIVERSARIO CANAL 7\" data-url=\"\">\n    <div class=\"ayg-thumbnail-media\" style=\"--ayg-image-ratio: 16 \/ 9\">\n        <img loading=\"lazy\" src=\"https:\/\/i.ytimg.com\/vi\/3hu8SH_buPo\/maxresdefault.jpg\" class=\"ayg-thumbnail-image\" width=\"1280\" height=\"720\" alt=\"30 ANIVERSARIO CANAL 7\" decoding=\"async\"\/><div class=\"ayg-thumbnail-now-playing\" style=\"display: none;\">Now Playing<\/div><svg xmlns=\"http:\/\/www.w3.org\/2000\/svg\" fill=\"white\" width=\"40\" height=\"40\" viewBox=\"0 0 24 24\" class=\"ayg-icon ayg-thumbnail-icon-play\" title=\"Play\" aria-label=\"Play\"><path fill-rule=\"evenodd\" d=\"M2.25 12c0-5.385 4.365-9.75 9.75-9.75s9.75 4.365 9.75 9.75-4.365 9.75-9.75 9.75S2.25 17.385 2.25 12Zm14.024-.983a1.125 1.125 0 0 1 0 1.966l-5.603 3.113A1.125 1.125 0 0 1 9 15.113V8.887c0-.857.921-1.4 1.671-.983l5.603 3.113Z\" clip-rule=\"evenodd\" \/><\/svg>        \n    <\/div>\n    <div class=\"ayg-thumbnail-caption\">\n         \n            <div class=\"ayg-thumbnail-title\">30 ANIVERSARIO CANAL 7<\/div>\n         \n                    <\/div>           \n<\/div>                <\/div>\n                            <div class=\"ayg-video ayg-video-rF36uobflMk ayg-col ayg-col-3 ayg-col-xs-2\">\n                    <div class=\"ayg-thumbnail\" data-id=\"rF36uobflMk\" data-title=\"Aniversario  30\" data-url=\"\">\n    <div class=\"ayg-thumbnail-media\" style=\"--ayg-image-ratio: 16 \/ 9\">\n        <img loading=\"lazy\" src=\"https:\/\/i.ytimg.com\/vi\/rF36uobflMk\/mqdefault.jpg\" class=\"ayg-thumbnail-image\" width=\"320\" height=\"180\" alt=\"Aniversario  30\" decoding=\"async\"\/><div class=\"ayg-thumbnail-now-playing\" style=\"display: none;\">Now Playing<\/div><svg xmlns=\"http:\/\/www.w3.org\/2000\/svg\" fill=\"white\" width=\"40\" height=\"40\" viewBox=\"0 0 24 24\" class=\"ayg-icon ayg-thumbnail-icon-play\" title=\"Play\" aria-label=\"Play\"><path fill-rule=\"evenodd\" d=\"M2.25 12c0-5.385 4.365-9.75 9.75-9.75s9.75 4.365 9.75 9.75-4.365 9.75-9.75 9.75S2.25 17.385 2.25 12Zm14.024-.983a1.125 1.125 0 0 1 0 1.966l-5.603 3.113A1.125 1.125 0 0 1 9 15.113V8.887c0-.857.921-1.4 1.671-.983l5.603 3.113Z\" clip-rule=\"evenodd\" \/><\/svg>        \n    <\/div>\n    <div class=\"ayg-thumbnail-caption\">\n         \n            <div class=\"ayg-thumbnail-title\">Aniversario  30<\/div>\n         \n                    <\/div>           \n<\/div>                <\/div>\n                            <div class=\"ayg-video ayg-video-P6ijbm5Ntdg ayg-col ayg-col-3 ayg-col-xs-2\">\n                    <div class=\"ayg-thumbnail\" data-id=\"P6ijbm5Ntdg\" data-title=\"30 ANIVERSARIO CANAL 7\" data-url=\"\">\n    <div class=\"ayg-thumbnail-media\" style=\"--ayg-image-ratio: 16 \/ 9\">\n        <img loading=\"lazy\" src=\"https:\/\/i.ytimg.com\/vi\/P6ijbm5Ntdg\/maxresdefault.jpg\" class=\"ayg-thumbnail-image\" width=\"1280\" height=\"720\" alt=\"30 ANIVERSARIO CANAL 7\" decoding=\"async\"\/><div class=\"ayg-thumbnail-now-playing\" style=\"display: none;\">Now Playing<\/div><svg xmlns=\"http:\/\/www.w3.org\/2000\/svg\" fill=\"white\" width=\"40\" height=\"40\" viewBox=\"0 0 24 24\" class=\"ayg-icon ayg-thumbnail-icon-play\" title=\"Play\" aria-label=\"Play\"><path fill-rule=\"evenodd\" d=\"M2.25 12c0-5.385 4.365-9.75 9.75-9.75s9.75 4.365 9.75 9.75-4.365 9.75-9.75 9.75S2.25 17.385 2.25 12Zm14.024-.983a1.125 1.125 0 0 1 0 1.966l-5.603 3.113A1.125 1.125 0 0 1 9 15.113V8.887c0-.857.921-1.4 1.671-.983l5.603 3.113Z\" clip-rule=\"evenodd\" \/><\/svg>        \n    <\/div>\n    <div class=\"ayg-thumbnail-caption\">\n         \n            <div class=\"ayg-thumbnail-title\">30 ANIVERSARIO CANAL 7<\/div>\n         \n                    <\/div>           \n<\/div>                <\/div>\n                            <div class=\"ayg-video ayg-video-8HTdd3YpHMM ayg-col ayg-col-3 ayg-col-xs-2\">\n                    <div class=\"ayg-thumbnail\" data-id=\"8HTdd3YpHMM\" data-title=\"FELICIDAD Y ALEGRIA - 30 ANIVERSARIO CANAL 7\" data-url=\"\">\n    <div class=\"ayg-thumbnail-media\" style=\"--ayg-image-ratio: 16 \/ 9\">\n        <img loading=\"lazy\" src=\"https:\/\/i.ytimg.com\/vi\/8HTdd3YpHMM\/maxresdefault.jpg\" class=\"ayg-thumbnail-image\" width=\"1280\" height=\"720\" alt=\"FELICIDAD Y ALEGRIA - 30 ANIVERSARIO CANAL 7\" decoding=\"async\"\/><div class=\"ayg-thumbnail-now-playing\" style=\"display: none;\">Now Playing<\/div><svg xmlns=\"http:\/\/www.w3.org\/2000\/svg\" fill=\"white\" width=\"40\" height=\"40\" viewBox=\"0 0 24 24\" class=\"ayg-icon ayg-thumbnail-icon-play\" title=\"Play\" aria-label=\"Play\"><path fill-rule=\"evenodd\" d=\"M2.25 12c0-5.385 4.365-9.75 9.75-9.75s9.75 4.365 9.75 9.75-4.365 9.75-9.75 9.75S2.25 17.385 2.25 12Zm14.024-.983a1.125 1.125 0 0 1 0 1.966l-5.603 3.113A1.125 1.125 0 0 1 9 15.113V8.887c0-.857.921-1.4 1.671-.983l5.603 3.113Z\" clip-rule=\"evenodd\" \/><\/svg>        \n    <\/div>\n    <div class=\"ayg-thumbnail-caption\">\n         \n            <div class=\"ayg-thumbnail-title\">FELICIDAD Y ALEGRIA - 30 ANIVERSARIO CANAL 7<\/div>\n         \n                    <\/div>           \n<\/div>                <\/div>\n                            <div class=\"ayg-video ayg-video-WY-6wHgHsyw ayg-col ayg-col-3 ayg-col-xs-2\">\n                    <div class=\"ayg-thumbnail\" data-id=\"WY-6wHgHsyw\" data-title=\"30 ANIVERSARIO CANAL 7.\" data-url=\"\">\n    <div class=\"ayg-thumbnail-media\" style=\"--ayg-image-ratio: 16 \/ 9\">\n        <img loading=\"lazy\" src=\"https:\/\/i.ytimg.com\/vi\/WY-6wHgHsyw\/maxresdefault.jpg\" class=\"ayg-thumbnail-image\" width=\"1280\" height=\"720\" alt=\"30 ANIVERSARIO CANAL 7.\" decoding=\"async\"\/><div class=\"ayg-thumbnail-now-playing\" style=\"display: none;\">Now Playing<\/div><svg xmlns=\"http:\/\/www.w3.org\/2000\/svg\" fill=\"white\" width=\"40\" height=\"40\" viewBox=\"0 0 24 24\" class=\"ayg-icon ayg-thumbnail-icon-play\" title=\"Play\" aria-label=\"Play\"><path fill-rule=\"evenodd\" d=\"M2.25 12c0-5.385 4.365-9.75 9.75-9.75s9.75 4.365 9.75 9.75-4.365 9.75-9.75 9.75S2.25 17.385 2.25 12Zm14.024-.983a1.125 1.125 0 0 1 0 1.966l-5.603 3.113A1.125 1.125 0 0 1 9 15.113V8.887c0-.857.921-1.4 1.671-.983l5.603 3.113Z\" clip-rule=\"evenodd\" \/><\/svg>        \n    <\/div>\n    <div class=\"ayg-thumbnail-caption\">\n         \n            <div class=\"ayg-thumbnail-title\">30 ANIVERSARIO CANAL 7.<\/div>\n         \n                    <\/div>           \n<\/div>                <\/div>\n                            <div class=\"ayg-video ayg-video-EfIFNHN-BOI ayg-col ayg-col-3 ayg-col-xs-2\">\n                    <div class=\"ayg-thumbnail\" data-id=\"EfIFNHN-BOI\" data-title=\"TV HOGAR - RESIDENCIAL MAYORAZGO\" data-url=\"\">\n    <div class=\"ayg-thumbnail-media\" style=\"--ayg-image-ratio: 16 \/ 9\">\n        <img loading=\"lazy\" src=\"https:\/\/i.ytimg.com\/vi\/EfIFNHN-BOI\/maxresdefault.jpg\" class=\"ayg-thumbnail-image\" width=\"1280\" height=\"720\" alt=\"TV HOGAR - RESIDENCIAL MAYORAZGO\" decoding=\"async\"\/><div class=\"ayg-thumbnail-now-playing\" style=\"display: none;\">Now Playing<\/div><svg xmlns=\"http:\/\/www.w3.org\/2000\/svg\" fill=\"white\" width=\"40\" height=\"40\" viewBox=\"0 0 24 24\" class=\"ayg-icon ayg-thumbnail-icon-play\" title=\"Play\" aria-label=\"Play\"><path fill-rule=\"evenodd\" d=\"M2.25 12c0-5.385 4.365-9.75 9.75-9.75s9.75 4.365 9.75 9.75-4.365 9.75-9.75 9.75S2.25 17.385 2.25 12Zm14.024-.983a1.125 1.125 0 0 1 0 1.966l-5.603 3.113A1.125 1.125 0 0 1 9 15.113V8.887c0-.857.921-1.4 1.671-.983l5.603 3.113Z\" clip-rule=\"evenodd\" \/><\/svg>        \n    <\/div>\n    <div class=\"ayg-thumbnail-caption\">\n         \n            <div class=\"ayg-thumbnail-title\">TV HOGAR - RESIDENCIAL MAYORAZGO<\/div>\n         \n                    <\/div>           \n<\/div>                <\/div>\n                    <\/div>\n            <\/ayg-theme-classic>\n<\/div>\n\n","protected":false},"excerpt":{"rendered":"<p>En TV HOGAR\u00a0le mostraremos las mejores ofertas del mercado inmobiliario, con informaci\u00f3n clara y completa para que r\u00e1pidamente encuentre la casa, departamento, terreno o local comercial que est\u00e1 buscando. TV Hogar es una producci\u00f3n especializada en el mercado de bienes ra\u00edces. Nuestro objetivo es la promoci\u00f3n de empresas inmobiliarias, constructoras y desarrolladoras. Porque lo que nos importa en TV Hogar\u00a0 \u201ces que usted, estrene Casa\u201d. Cada s\u00e1bado en punto de las 10:00hrs y jueves a las 23:00hrs &nbsp; &nbsp; VIDEOS<\/p>\n","protected":false},"author":1,"featured_media":0,"parent":3869,"menu_order":0,"comment_status":"closed","ping_status":"closed","template":"","meta":{"_monsterinsights_skip_tracking":false,"_monsterinsights_sitenote_active":false,"_monsterinsights_sitenote_note":"","_monsterinsights_sitenote_category":0,"footnotes":""},"class_list":["post-98322","page","type-page","status-publish","hentry","post--single"],"_links":{"self":[{"href":"https:\/\/canal7slp.tv\/2026\/wp-json\/wp\/v2\/pages\/98322","targetHints":{"allow":["GET"]}}],"collection":[{"href":"https:\/\/canal7slp.tv\/2026\/wp-json\/wp\/v2\/pages"}],"about":[{"href":"https:\/\/canal7slp.tv\/2026\/wp-json\/wp\/v2\/types\/page"}],"author":[{"embeddable":true,"href":"https:\/\/canal7slp.tv\/2026\/wp-json\/wp\/v2\/users\/1"}],"replies":[{"embeddable":true,"href":"https:\/\/canal7slp.tv\/2026\/wp-json\/wp\/v2\/comments?post=98322"}],"version-history":[{"count":5,"href":"https:\/\/canal7slp.tv\/2026\/wp-json\/wp\/v2\/pages\/98322\/revisions"}],"predecessor-version":[{"id":160117,"href":"https:\/\/canal7slp.tv\/2026\/wp-json\/wp\/v2\/pages\/98322\/revisions\/160117"}],"up":[{"embeddable":true,"href":"https:\/\/canal7slp.tv\/2026\/wp-json\/wp\/v2\/pages\/3869"}],"wp:attachment":[{"href":"https:\/\/canal7slp.tv\/2026\/wp-json\/wp\/v2\/media?parent=98322"}],"curies":[{"name":"wp","href":"https:\/\/api.w.org\/{rel}","templated":true}]}}