{"id":98302,"date":"2021-02-11T19:22:37","date_gmt":"2021-02-12T01:22:37","guid":{"rendered":"https:\/\/canal7slp.tv\/2026\/?page_id=98302"},"modified":"2025-03-05T22:15:12","modified_gmt":"2025-03-06T04:15:12","slug":"de-tu-a-tu","status":"publish","type":"page","link":"https:\/\/canal7slp.tv\/2026\/producciones\/de-tu-a-tu\/","title":{"rendered":"DE T\u00da A T\u00da"},"content":{"rendered":"<p><span lang=\"ES\">DE T\u00da A T\u00da<\/span>\u00a0<span lang=\"ES\">un espacio abierto al di\u00e1logo y a la discusi\u00f3n de fondo, donde los especialistas se comprometen con el conocimiento, al explorar las dimensiones \u00e9ticas y p\u00fablicas, al tiempo de favorecer la cr\u00edtica.\u00a0<\/span><\/p>\n<p><span lang=\"ES\">Lunes, mi\u00e9rcoles y viernes 19:30hrs.<\/span><\/p>\n<p><a href=\"https:\/\/www.facebook.com\/detuatuc7\" target=\"_blank\" rel=\"noopener\"><img loading=\"lazy\" decoding=\"async\" class=\"alignleft wp-image-139635 size-full\" style=\"font-size: 19.4286px;\" src=\"https:\/\/canal7slp.tv\/2026\/wp-content\/uploads\/2024\/08\/icono-facebook.jpg\" alt=\"\" width=\"40\" height=\"40\" \/><\/a><a href=\"https:\/\/www.instagram.com\/detuatuc7\/\" target=\"_blank\" rel=\"noopener\"><img loading=\"lazy\" decoding=\"async\" class=\"alignleft wp-image-139637 size-full\" style=\"font-size: 19.4286px;\" src=\"https:\/\/canal7slp.tv\/2026\/wp-content\/uploads\/2024\/08\/icono-instagram.jpg\" alt=\"\" width=\"40\" height=\"40\" \/><\/a><\/p>\n<p>&nbsp;<\/p>\n<p>&nbsp;<\/p>\n<hr \/>\n<h3 style=\"text-align: justify;\">VIDEOS<\/h3>\n<div class=\"automatic-youtube-gallery ayg\">\n        <ayg-theme-classic id=\"ayg-7d4d2b07682774b6d90e14baf1dc4b58\" class=\"ayg-theme ayg-theme-classic\" data-params=\"{&quot;uid&quot;:&quot;7d4d2b07682774b6d90e14baf1dc4b58&quot;,&quot;loop&quot;:0,&quot;autoadvance&quot;:0,&quot;player_title&quot;:1,&quot;player_description&quot;:0}\">\n        <div class=\"ayg-player\">\n            <div class=\"ayg-player-container\" style=\"max-width: 100%;\">\n                <ayg-player src=\"https:\/\/www.youtube.com\/embed\/8iA88ZUxNNg?enablejsapi=1&#038;playsinline=1&#038;rel=0&#038;autoplay=1&#038;modestbranding=1&#038;iv_load_policy=3\" ratio=\"56.25\" title=\"DE T\u00da A T\u00da  ANG\u00c9LICA LUCIO\" poster=\"https:\/\/i.ytimg.com\/vi\/8iA88ZUxNNg\/maxresdefault.jpg\"><\/ayg-player>           \n            <\/div>\n            <div class=\"ayg-player-caption\">\n                    \n                    <h2 class=\"ayg-player-title\">DE T\u00da A T\u00da  ANG\u00c9LICA LUCIO<\/h2>  \n                                            <\/div>\n        <\/div>\n        <div class=\"ayg-videos ayg-gallery ayg-row\">\n                            <div class=\"ayg-video ayg-video-8iA88ZUxNNg ayg-col ayg-col-3 ayg-col-xs-2 ayg-active\">\n                    <div class=\"ayg-thumbnail\" data-id=\"8iA88ZUxNNg\" data-title=\"DE T\u00da A T\u00da  ANG\u00c9LICA LUCIO\" data-url=\"\">\n    <div class=\"ayg-thumbnail-media\" style=\"--ayg-image-ratio: 16 \/ 9\">\n        <img loading=\"lazy\" src=\"https:\/\/i.ytimg.com\/vi\/8iA88ZUxNNg\/maxresdefault.jpg\" class=\"ayg-thumbnail-image\" width=\"1280\" height=\"720\" alt=\"DE T\u00da A T\u00da  ANG\u00c9LICA LUCIO\" decoding=\"async\"\/><div class=\"ayg-thumbnail-now-playing\" style=\"display: none;\">Now Playing<\/div><svg xmlns=\"http:\/\/www.w3.org\/2000\/svg\" fill=\"white\" width=\"40\" height=\"40\" viewBox=\"0 0 24 24\" class=\"ayg-icon ayg-thumbnail-icon-play\" title=\"Play\" aria-label=\"Play\"><path fill-rule=\"evenodd\" d=\"M2.25 12c0-5.385 4.365-9.75 9.75-9.75s9.75 4.365 9.75 9.75-4.365 9.75-9.75 9.75S2.25 17.385 2.25 12Zm14.024-.983a1.125 1.125 0 0 1 0 1.966l-5.603 3.113A1.125 1.125 0 0 1 9 15.113V8.887c0-.857.921-1.4 1.671-.983l5.603 3.113Z\" clip-rule=\"evenodd\" \/><\/svg>        \n    <\/div>\n    <div class=\"ayg-thumbnail-caption\">\n         \n            <div class=\"ayg-thumbnail-title\">DE T\u00da A T\u00da  ANG\u00c9LICA LUCIO<\/div>\n         \n                    <\/div>           \n<\/div>                <\/div>\n                            <div class=\"ayg-video ayg-video-yRq-dx6wiCI ayg-col ayg-col-3 ayg-col-xs-2\">\n                    <div class=\"ayg-thumbnail\" data-id=\"yRq-dx6wiCI\" data-title=\"DE T\u00da A T\u00da  ESPECIAL DE NAVIDAD CON EL ARZOBISPO JORGE ALBERTO CABAZOS ARISPE\" data-url=\"\">\n    <div class=\"ayg-thumbnail-media\" style=\"--ayg-image-ratio: 16 \/ 9\">\n        <img loading=\"lazy\" src=\"https:\/\/i.ytimg.com\/vi\/yRq-dx6wiCI\/maxresdefault.jpg\" class=\"ayg-thumbnail-image\" width=\"1280\" height=\"720\" alt=\"DE T\u00da A T\u00da  ESPECIAL DE NAVIDAD CON EL ARZOBISPO JORGE ALBERTO CABAZOS ARISPE\" decoding=\"async\"\/><div class=\"ayg-thumbnail-now-playing\" style=\"display: none;\">Now Playing<\/div><svg xmlns=\"http:\/\/www.w3.org\/2000\/svg\" fill=\"white\" width=\"40\" height=\"40\" viewBox=\"0 0 24 24\" class=\"ayg-icon ayg-thumbnail-icon-play\" title=\"Play\" aria-label=\"Play\"><path fill-rule=\"evenodd\" d=\"M2.25 12c0-5.385 4.365-9.75 9.75-9.75s9.75 4.365 9.75 9.75-4.365 9.75-9.75 9.75S2.25 17.385 2.25 12Zm14.024-.983a1.125 1.125 0 0 1 0 1.966l-5.603 3.113A1.125 1.125 0 0 1 9 15.113V8.887c0-.857.921-1.4 1.671-.983l5.603 3.113Z\" clip-rule=\"evenodd\" \/><\/svg>        \n    <\/div>\n    <div class=\"ayg-thumbnail-caption\">\n         \n            <div class=\"ayg-thumbnail-title\">DE T\u00da A T\u00da  ESPECIAL DE NAVIDAD CON EL ARZOBISPO JORGE ALBERTO CABAZOS ARISPE<\/div>\n         \n                    <\/div>           \n<\/div>                <\/div>\n                            <div class=\"ayg-video ayg-video-1Nxn08kyAMo ayg-col ayg-col-3 ayg-col-xs-2\">\n                    <div class=\"ayg-thumbnail\" data-id=\"1Nxn08kyAMo\" data-title=\"DE T\u00da A T\u00da  GRECIA MEJ\u00cdA\" data-url=\"\">\n    <div class=\"ayg-thumbnail-media\" style=\"--ayg-image-ratio: 16 \/ 9\">\n        <img loading=\"lazy\" src=\"https:\/\/i.ytimg.com\/vi\/1Nxn08kyAMo\/maxresdefault.jpg\" class=\"ayg-thumbnail-image\" width=\"1280\" height=\"720\" alt=\"DE T\u00da A T\u00da  GRECIA MEJ\u00cdA\" decoding=\"async\"\/><div class=\"ayg-thumbnail-now-playing\" style=\"display: none;\">Now Playing<\/div><svg xmlns=\"http:\/\/www.w3.org\/2000\/svg\" fill=\"white\" width=\"40\" height=\"40\" viewBox=\"0 0 24 24\" class=\"ayg-icon ayg-thumbnail-icon-play\" title=\"Play\" aria-label=\"Play\"><path fill-rule=\"evenodd\" d=\"M2.25 12c0-5.385 4.365-9.75 9.75-9.75s9.75 4.365 9.75 9.75-4.365 9.75-9.75 9.75S2.25 17.385 2.25 12Zm14.024-.983a1.125 1.125 0 0 1 0 1.966l-5.603 3.113A1.125 1.125 0 0 1 9 15.113V8.887c0-.857.921-1.4 1.671-.983l5.603 3.113Z\" clip-rule=\"evenodd\" \/><\/svg>        \n    <\/div>\n    <div class=\"ayg-thumbnail-caption\">\n         \n            <div class=\"ayg-thumbnail-title\">DE T\u00da A T\u00da  GRECIA MEJ\u00cdA<\/div>\n         \n                    <\/div>           \n<\/div>                <\/div>\n                            <div class=\"ayg-video ayg-video-lzFuNRfryf0 ayg-col ayg-col-3 ayg-col-xs-2\">\n                    <div class=\"ayg-thumbnail\" data-id=\"lzFuNRfryf0\" data-title=\"DE T\u00da A T\u00da  SIBONNE LUJ\u00c1N\" data-url=\"\">\n    <div class=\"ayg-thumbnail-media\" style=\"--ayg-image-ratio: 16 \/ 9\">\n        <img loading=\"lazy\" src=\"https:\/\/i.ytimg.com\/vi\/lzFuNRfryf0\/maxresdefault.jpg\" class=\"ayg-thumbnail-image\" width=\"1280\" height=\"720\" alt=\"DE T\u00da A T\u00da  SIBONNE LUJ\u00c1N\" decoding=\"async\"\/><div class=\"ayg-thumbnail-now-playing\" style=\"display: none;\">Now Playing<\/div><svg xmlns=\"http:\/\/www.w3.org\/2000\/svg\" fill=\"white\" width=\"40\" height=\"40\" viewBox=\"0 0 24 24\" class=\"ayg-icon ayg-thumbnail-icon-play\" title=\"Play\" aria-label=\"Play\"><path fill-rule=\"evenodd\" d=\"M2.25 12c0-5.385 4.365-9.75 9.75-9.75s9.75 4.365 9.75 9.75-4.365 9.75-9.75 9.75S2.25 17.385 2.25 12Zm14.024-.983a1.125 1.125 0 0 1 0 1.966l-5.603 3.113A1.125 1.125 0 0 1 9 15.113V8.887c0-.857.921-1.4 1.671-.983l5.603 3.113Z\" clip-rule=\"evenodd\" \/><\/svg>        \n    <\/div>\n    <div class=\"ayg-thumbnail-caption\">\n         \n            <div class=\"ayg-thumbnail-title\">DE T\u00da A T\u00da  SIBONNE LUJ\u00c1N<\/div>\n         \n                    <\/div>           \n<\/div>                <\/div>\n                            <div class=\"ayg-video ayg-video-HsJW9SA6J00 ayg-col ayg-col-3 ayg-col-xs-2\">\n                    <div class=\"ayg-thumbnail\" data-id=\"HsJW9SA6J00\" data-title=\"DE T\u00da A T\u00da  NOHEM\u00cd HERN\u00c1NDEZ RODR\u00cdGUEZ BORJAS\" data-url=\"\">\n    <div class=\"ayg-thumbnail-media\" style=\"--ayg-image-ratio: 16 \/ 9\">\n        <img loading=\"lazy\" src=\"https:\/\/i.ytimg.com\/vi\/HsJW9SA6J00\/maxresdefault.jpg\" class=\"ayg-thumbnail-image\" width=\"1280\" height=\"720\" alt=\"DE T\u00da A T\u00da  NOHEM\u00cd HERN\u00c1NDEZ RODR\u00cdGUEZ BORJAS\" decoding=\"async\"\/><div class=\"ayg-thumbnail-now-playing\" style=\"display: none;\">Now Playing<\/div><svg xmlns=\"http:\/\/www.w3.org\/2000\/svg\" fill=\"white\" width=\"40\" height=\"40\" viewBox=\"0 0 24 24\" class=\"ayg-icon ayg-thumbnail-icon-play\" title=\"Play\" aria-label=\"Play\"><path fill-rule=\"evenodd\" d=\"M2.25 12c0-5.385 4.365-9.75 9.75-9.75s9.75 4.365 9.75 9.75-4.365 9.75-9.75 9.75S2.25 17.385 2.25 12Zm14.024-.983a1.125 1.125 0 0 1 0 1.966l-5.603 3.113A1.125 1.125 0 0 1 9 15.113V8.887c0-.857.921-1.4 1.671-.983l5.603 3.113Z\" clip-rule=\"evenodd\" \/><\/svg>        \n    <\/div>\n    <div class=\"ayg-thumbnail-caption\">\n         \n            <div class=\"ayg-thumbnail-title\">DE T\u00da A T\u00da  NOHEM\u00cd HERN\u00c1NDEZ RODR\u00cdGUEZ BORJAS<\/div>\n         \n                    <\/div>           \n<\/div>                <\/div>\n                            <div class=\"ayg-video ayg-video-WQXjlAEkpig ayg-col ayg-col-3 ayg-col-xs-2\">\n                    <div class=\"ayg-thumbnail\" data-id=\"WQXjlAEkpig\" data-title=\"DE T\u00da A T\u00da  SOF\u00cdA MIL\u00c1N\" data-url=\"\">\n    <div class=\"ayg-thumbnail-media\" style=\"--ayg-image-ratio: 16 \/ 9\">\n        <img loading=\"lazy\" src=\"https:\/\/i.ytimg.com\/vi\/WQXjlAEkpig\/maxresdefault.jpg\" class=\"ayg-thumbnail-image\" width=\"1280\" height=\"720\" alt=\"DE T\u00da A T\u00da  SOF\u00cdA MIL\u00c1N\" decoding=\"async\"\/><div class=\"ayg-thumbnail-now-playing\" style=\"display: none;\">Now Playing<\/div><svg xmlns=\"http:\/\/www.w3.org\/2000\/svg\" fill=\"white\" width=\"40\" height=\"40\" viewBox=\"0 0 24 24\" class=\"ayg-icon ayg-thumbnail-icon-play\" title=\"Play\" aria-label=\"Play\"><path fill-rule=\"evenodd\" d=\"M2.25 12c0-5.385 4.365-9.75 9.75-9.75s9.75 4.365 9.75 9.75-4.365 9.75-9.75 9.75S2.25 17.385 2.25 12Zm14.024-.983a1.125 1.125 0 0 1 0 1.966l-5.603 3.113A1.125 1.125 0 0 1 9 15.113V8.887c0-.857.921-1.4 1.671-.983l5.603 3.113Z\" clip-rule=\"evenodd\" \/><\/svg>        \n    <\/div>\n    <div class=\"ayg-thumbnail-caption\">\n         \n            <div class=\"ayg-thumbnail-title\">DE T\u00da A T\u00da  SOF\u00cdA MIL\u00c1N<\/div>\n         \n                    <\/div>           \n<\/div>                <\/div>\n                            <div class=\"ayg-video ayg-video-ckpMdzW_DnI ayg-col ayg-col-3 ayg-col-xs-2\">\n                    <div class=\"ayg-thumbnail\" data-id=\"ckpMdzW_DnI\" data-title=\"DE T\u00da A T\u00da  SOF\u00cdA MIL\u00c1N\" data-url=\"\">\n    <div class=\"ayg-thumbnail-media\" style=\"--ayg-image-ratio: 16 \/ 9\">\n        <img loading=\"lazy\" src=\"https:\/\/i.ytimg.com\/vi\/ckpMdzW_DnI\/maxresdefault.jpg\" class=\"ayg-thumbnail-image\" width=\"1280\" height=\"720\" alt=\"DE T\u00da A T\u00da  SOF\u00cdA MIL\u00c1N\" decoding=\"async\"\/><div class=\"ayg-thumbnail-now-playing\" style=\"display: none;\">Now Playing<\/div><svg xmlns=\"http:\/\/www.w3.org\/2000\/svg\" fill=\"white\" width=\"40\" height=\"40\" viewBox=\"0 0 24 24\" class=\"ayg-icon ayg-thumbnail-icon-play\" title=\"Play\" aria-label=\"Play\"><path fill-rule=\"evenodd\" d=\"M2.25 12c0-5.385 4.365-9.75 9.75-9.75s9.75 4.365 9.75 9.75-4.365 9.75-9.75 9.75S2.25 17.385 2.25 12Zm14.024-.983a1.125 1.125 0 0 1 0 1.966l-5.603 3.113A1.125 1.125 0 0 1 9 15.113V8.887c0-.857.921-1.4 1.671-.983l5.603 3.113Z\" clip-rule=\"evenodd\" \/><\/svg>        \n    <\/div>\n    <div class=\"ayg-thumbnail-caption\">\n         \n            <div class=\"ayg-thumbnail-title\">DE T\u00da A T\u00da  SOF\u00cdA MIL\u00c1N<\/div>\n         \n                    <\/div>           \n<\/div>                <\/div>\n                            <div class=\"ayg-video ayg-video-iLPUBjdctbg ayg-col ayg-col-3 ayg-col-xs-2\">\n                    <div class=\"ayg-thumbnail\" data-id=\"iLPUBjdctbg\" data-title=\"DE T\u00da A T\u00da FER PERALES\" data-url=\"\">\n    <div class=\"ayg-thumbnail-media\" style=\"--ayg-image-ratio: 16 \/ 9\">\n        <img loading=\"lazy\" src=\"https:\/\/i.ytimg.com\/vi\/iLPUBjdctbg\/maxresdefault.jpg\" class=\"ayg-thumbnail-image\" width=\"1280\" height=\"720\" alt=\"DE T\u00da A T\u00da FER PERALES\" decoding=\"async\"\/><div class=\"ayg-thumbnail-now-playing\" style=\"display: none;\">Now Playing<\/div><svg xmlns=\"http:\/\/www.w3.org\/2000\/svg\" fill=\"white\" width=\"40\" height=\"40\" viewBox=\"0 0 24 24\" class=\"ayg-icon ayg-thumbnail-icon-play\" title=\"Play\" aria-label=\"Play\"><path fill-rule=\"evenodd\" d=\"M2.25 12c0-5.385 4.365-9.75 9.75-9.75s9.75 4.365 9.75 9.75-4.365 9.75-9.75 9.75S2.25 17.385 2.25 12Zm14.024-.983a1.125 1.125 0 0 1 0 1.966l-5.603 3.113A1.125 1.125 0 0 1 9 15.113V8.887c0-.857.921-1.4 1.671-.983l5.603 3.113Z\" clip-rule=\"evenodd\" \/><\/svg>        \n    <\/div>\n    <div class=\"ayg-thumbnail-caption\">\n         \n            <div class=\"ayg-thumbnail-title\">DE T\u00da A T\u00da FER PERALES<\/div>\n         \n                    <\/div>           \n<\/div>                <\/div>\n                            <div class=\"ayg-video ayg-video-e4CvOPkYZ5s ayg-col ayg-col-3 ayg-col-xs-2\">\n                    <div class=\"ayg-thumbnail\" data-id=\"e4CvOPkYZ5s\" data-title=\"DE T\u00da A T\u00da SUHEY TRIST\u00c1N\" data-url=\"\">\n    <div class=\"ayg-thumbnail-media\" style=\"--ayg-image-ratio: 16 \/ 9\">\n        <img loading=\"lazy\" src=\"https:\/\/i.ytimg.com\/vi\/e4CvOPkYZ5s\/maxresdefault.jpg\" class=\"ayg-thumbnail-image\" width=\"1280\" height=\"720\" alt=\"DE T\u00da A T\u00da SUHEY TRIST\u00c1N\" decoding=\"async\"\/><div class=\"ayg-thumbnail-now-playing\" style=\"display: none;\">Now Playing<\/div><svg xmlns=\"http:\/\/www.w3.org\/2000\/svg\" fill=\"white\" width=\"40\" height=\"40\" viewBox=\"0 0 24 24\" class=\"ayg-icon ayg-thumbnail-icon-play\" title=\"Play\" aria-label=\"Play\"><path fill-rule=\"evenodd\" d=\"M2.25 12c0-5.385 4.365-9.75 9.75-9.75s9.75 4.365 9.75 9.75-4.365 9.75-9.75 9.75S2.25 17.385 2.25 12Zm14.024-.983a1.125 1.125 0 0 1 0 1.966l-5.603 3.113A1.125 1.125 0 0 1 9 15.113V8.887c0-.857.921-1.4 1.671-.983l5.603 3.113Z\" clip-rule=\"evenodd\" \/><\/svg>        \n    <\/div>\n    <div class=\"ayg-thumbnail-caption\">\n         \n            <div class=\"ayg-thumbnail-title\">DE T\u00da A T\u00da SUHEY TRIST\u00c1N<\/div>\n         \n                    <\/div>           \n<\/div>                <\/div>\n                            <div class=\"ayg-video ayg-video-jr5jyG3duFQ ayg-col ayg-col-3 ayg-col-xs-2\">\n                    <div class=\"ayg-thumbnail\" data-id=\"jr5jyG3duFQ\" data-title=\"DE T\u00da A T\u00da SYLVIA TORRES\" data-url=\"\">\n    <div class=\"ayg-thumbnail-media\" style=\"--ayg-image-ratio: 16 \/ 9\">\n        <img loading=\"lazy\" src=\"https:\/\/i.ytimg.com\/vi\/jr5jyG3duFQ\/maxresdefault.jpg\" class=\"ayg-thumbnail-image\" width=\"1280\" height=\"720\" alt=\"DE T\u00da A T\u00da SYLVIA TORRES\" decoding=\"async\"\/><div class=\"ayg-thumbnail-now-playing\" style=\"display: none;\">Now Playing<\/div><svg xmlns=\"http:\/\/www.w3.org\/2000\/svg\" fill=\"white\" width=\"40\" height=\"40\" viewBox=\"0 0 24 24\" class=\"ayg-icon ayg-thumbnail-icon-play\" title=\"Play\" aria-label=\"Play\"><path fill-rule=\"evenodd\" d=\"M2.25 12c0-5.385 4.365-9.75 9.75-9.75s9.75 4.365 9.75 9.75-4.365 9.75-9.75 9.75S2.25 17.385 2.25 12Zm14.024-.983a1.125 1.125 0 0 1 0 1.966l-5.603 3.113A1.125 1.125 0 0 1 9 15.113V8.887c0-.857.921-1.4 1.671-.983l5.603 3.113Z\" clip-rule=\"evenodd\" \/><\/svg>        \n    <\/div>\n    <div class=\"ayg-thumbnail-caption\">\n         \n            <div class=\"ayg-thumbnail-title\">DE T\u00da A T\u00da SYLVIA TORRES<\/div>\n         \n                    <\/div>           \n<\/div>                <\/div>\n                            <div class=\"ayg-video ayg-video-sFI47IaE_eY ayg-col ayg-col-3 ayg-col-xs-2\">\n                    <div class=\"ayg-thumbnail\" data-id=\"sFI47IaE_eY\" data-title=\"ESPECIAL D\u00cdA DE MUERTOS DE T\u00da A T\u00da - DUNSTANO PRIEGO CEBALLOS\" data-url=\"\">\n    <div class=\"ayg-thumbnail-media\" style=\"--ayg-image-ratio: 16 \/ 9\">\n        <img loading=\"lazy\" src=\"https:\/\/i.ytimg.com\/vi\/sFI47IaE_eY\/maxresdefault.jpg\" class=\"ayg-thumbnail-image\" width=\"1280\" height=\"720\" alt=\"ESPECIAL D\u00cdA DE MUERTOS DE T\u00da A T\u00da - DUNSTANO PRIEGO CEBALLOS\" decoding=\"async\"\/><div class=\"ayg-thumbnail-now-playing\" style=\"display: none;\">Now Playing<\/div><svg xmlns=\"http:\/\/www.w3.org\/2000\/svg\" fill=\"white\" width=\"40\" height=\"40\" viewBox=\"0 0 24 24\" class=\"ayg-icon ayg-thumbnail-icon-play\" title=\"Play\" aria-label=\"Play\"><path fill-rule=\"evenodd\" d=\"M2.25 12c0-5.385 4.365-9.75 9.75-9.75s9.75 4.365 9.75 9.75-4.365 9.75-9.75 9.75S2.25 17.385 2.25 12Zm14.024-.983a1.125 1.125 0 0 1 0 1.966l-5.603 3.113A1.125 1.125 0 0 1 9 15.113V8.887c0-.857.921-1.4 1.671-.983l5.603 3.113Z\" clip-rule=\"evenodd\" \/><\/svg>        \n    <\/div>\n    <div class=\"ayg-thumbnail-caption\">\n         \n            <div class=\"ayg-thumbnail-title\">ESPECIAL D\u00cdA DE MUERTOS DE T\u00da A T\u00da - DUNSTANO PRIEGO CEBALLOS<\/div>\n         \n                    <\/div>           \n<\/div>                <\/div>\n                            <div class=\"ayg-video ayg-video-VMBx4TRCHdw ayg-col ayg-col-3 ayg-col-xs-2\">\n                    <div class=\"ayg-thumbnail\" data-id=\"VMBx4TRCHdw\" data-title=\"DE T\u00da A T\u00da ISRAEL RODR\u00cdGUEZ\" data-url=\"\">\n    <div class=\"ayg-thumbnail-media\" style=\"--ayg-image-ratio: 16 \/ 9\">\n        <img loading=\"lazy\" src=\"https:\/\/i.ytimg.com\/vi\/VMBx4TRCHdw\/maxresdefault.jpg\" class=\"ayg-thumbnail-image\" width=\"1280\" height=\"720\" alt=\"DE T\u00da A T\u00da ISRAEL RODR\u00cdGUEZ\" decoding=\"async\"\/><div class=\"ayg-thumbnail-now-playing\" style=\"display: none;\">Now Playing<\/div><svg xmlns=\"http:\/\/www.w3.org\/2000\/svg\" fill=\"white\" width=\"40\" height=\"40\" viewBox=\"0 0 24 24\" class=\"ayg-icon ayg-thumbnail-icon-play\" title=\"Play\" aria-label=\"Play\"><path fill-rule=\"evenodd\" d=\"M2.25 12c0-5.385 4.365-9.75 9.75-9.75s9.75 4.365 9.75 9.75-4.365 9.75-9.75 9.75S2.25 17.385 2.25 12Zm14.024-.983a1.125 1.125 0 0 1 0 1.966l-5.603 3.113A1.125 1.125 0 0 1 9 15.113V8.887c0-.857.921-1.4 1.671-.983l5.603 3.113Z\" clip-rule=\"evenodd\" \/><\/svg>        \n    <\/div>\n    <div class=\"ayg-thumbnail-caption\">\n         \n            <div class=\"ayg-thumbnail-title\">DE T\u00da A T\u00da ISRAEL RODR\u00cdGUEZ<\/div>\n         \n                    <\/div>           \n<\/div>                <\/div>\n                    <\/div>\n        <ayg-pagination class=\"ayg-pagination\" data-params=\"{&quot;uid&quot;:&quot;7d4d2b07682774b6d90e14baf1dc4b58&quot;,&quot;post_id&quot;:98302,&quot;type&quot;:&quot;playlist&quot;,&quot;src&quot;:&quot;PLLI1dDyzFJ5bdUUzCp3LwJEneusLDFDGK&quot;,&quot;order&quot;:&quot;relevance&quot;,&quot;limit&quot;:500,&quot;per_page&quot;:12,&quot;cache&quot;:0,&quot;columns&quot;:3,&quot;thumb_ratio&quot;:56.25,&quot;thumb_title&quot;:1,&quot;thumb_title_length&quot;:0,&quot;thumb_excerpt&quot;:0,&quot;thumb_excerpt_length&quot;:75,&quot;player_description&quot;:0,&quot;total_pages&quot;:9,&quot;paged&quot;:1,&quot;next_page_token&quot;:&quot;EAAaHlBUOkNBd2lFRUkwUmpJMU5VRTBOMFl3TWpVd00wSQ&quot;,&quot;prev_page_token&quot;:&quot;&quot;}\">\n            <div class=\"ayg-pagination-prev\">\n            <button type=\"button\" class=\"ayg-btn ayg-pagination-prev-btn\" data-type=\"previous\" style=\"display: none;\">Anterior<\/button>\n        <\/div>\n        <div class=\"ayg-pagination-info\">\n            <span class=\"ayg-pagination-current-page-number\">1<\/span>\n            de            <span class=\"ayg-pagination-total-pages\">9<\/span>\n        <\/div>\n        <div class=\"ayg-pagination-next\">\n            <button type=\"button\" class=\"ayg-btn ayg-pagination-next-btn\" data-type=\"next\">Siguiente<\/button>\n        <\/div>\n    <\/ayg-pagination>    <\/ayg-theme-classic>\n<\/div>\n\n","protected":false},"excerpt":{"rendered":"<p>DE T\u00da A T\u00da\u00a0un espacio abierto al di\u00e1logo y a la discusi\u00f3n de fondo, donde los especialistas se comprometen con el conocimiento, al explorar las dimensiones \u00e9ticas y p\u00fablicas, al tiempo de favorecer la cr\u00edtica.\u00a0 Lunes, mi\u00e9rcoles y viernes 19:30hrs. &nbsp; &nbsp; VIDEOS<\/p>\n","protected":false},"author":1,"featured_media":0,"parent":3869,"menu_order":0,"comment_status":"closed","ping_status":"closed","template":"","meta":{"_monsterinsights_skip_tracking":false,"_monsterinsights_sitenote_active":false,"_monsterinsights_sitenote_note":"","_monsterinsights_sitenote_category":0,"footnotes":""},"class_list":["post-98302","page","type-page","status-publish","hentry","post--single"],"_links":{"self":[{"href":"https:\/\/canal7slp.tv\/2026\/wp-json\/wp\/v2\/pages\/98302","targetHints":{"allow":["GET"]}}],"collection":[{"href":"https:\/\/canal7slp.tv\/2026\/wp-json\/wp\/v2\/pages"}],"about":[{"href":"https:\/\/canal7slp.tv\/2026\/wp-json\/wp\/v2\/types\/page"}],"author":[{"embeddable":true,"href":"https:\/\/canal7slp.tv\/2026\/wp-json\/wp\/v2\/users\/1"}],"replies":[{"embeddable":true,"href":"https:\/\/canal7slp.tv\/2026\/wp-json\/wp\/v2\/comments?post=98302"}],"version-history":[{"count":5,"href":"https:\/\/canal7slp.tv\/2026\/wp-json\/wp\/v2\/pages\/98302\/revisions"}],"predecessor-version":[{"id":120171,"href":"https:\/\/canal7slp.tv\/2026\/wp-json\/wp\/v2\/pages\/98302\/revisions\/120171"}],"up":[{"embeddable":true,"href":"https:\/\/canal7slp.tv\/2026\/wp-json\/wp\/v2\/pages\/3869"}],"wp:attachment":[{"href":"https:\/\/canal7slp.tv\/2026\/wp-json\/wp\/v2\/media?parent=98302"}],"curies":[{"name":"wp","href":"https:\/\/api.w.org\/{rel}","templated":true}]}}