{"id":98300,"date":"2021-02-11T19:22:37","date_gmt":"2021-02-12T01:22:37","guid":{"rendered":"https:\/\/canal7slp.tv\/2026\/?page_id=98300"},"modified":"2025-03-05T22:15:53","modified_gmt":"2025-03-06T04:15:53","slug":"espectadores","status":"publish","type":"page","link":"https:\/\/canal7slp.tv\/2026\/producciones\/espectadores\/","title":{"rendered":"ESPECTADORES"},"content":{"rendered":"<p style=\"text-align: justify;\"><strong><span lang=\"ES\">Espectadores de Arte y Cultura<\/span><\/strong><span lang=\"ES\"><strong>.<\/strong><span class=\"apple-converted-space\">\u00a0<\/span><\/span><span lang=\"ES\">Te\u00a0presentaremos de una manera espont\u00e1nea y entretenida lo mejor del arte en San Luis Potos\u00ed mediante c\u00e1psulas informativas con los creadores y sus obras. Los artistas proyectan su quehacer en las diversas disciplinas. Martes y jueves a las\u00a0<\/span><span lang=\"ES\">17:30hrs.<\/span><\/p>\n<p><a href=\"https:\/\/www.facebook.com\/EspectadoresArteyCultura\" target=\"_blank\" rel=\"noopener\"><img loading=\"lazy\" decoding=\"async\" class=\"alignleft wp-image-139635 size-full\" style=\"font-size: 19.4286px;\" src=\"https:\/\/canal7slp.tv\/2026\/wp-content\/uploads\/2024\/08\/icono-facebook.jpg\" alt=\"\" width=\"40\" height=\"40\" \/><\/a><a href=\"https:\/\/www.instagram.com\/espectadorescanal7\/\" target=\"_blank\" rel=\"noopener\"><img loading=\"lazy\" decoding=\"async\" class=\"alignleft wp-image-139637 size-full\" style=\"font-size: 19.4286px;\" src=\"https:\/\/canal7slp.tv\/2026\/wp-content\/uploads\/2024\/08\/icono-instagram.jpg\" alt=\"\" width=\"40\" height=\"40\" \/><\/a><\/p>\n<p>&nbsp;<\/p>\n<p>&nbsp;<\/p>\n<hr \/>\n<h3 style=\"text-align: justify;\">VIDEOS<\/h3>\n<div class=\"automatic-youtube-gallery ayg\">\n        <ayg-theme-classic id=\"ayg-2268181ccf8587c4de0c11bbc29d5a07\" class=\"ayg-theme ayg-theme-classic\" data-params=\"{&quot;uid&quot;:&quot;2268181ccf8587c4de0c11bbc29d5a07&quot;,&quot;loop&quot;:0,&quot;autoadvance&quot;:0,&quot;player_title&quot;:1,&quot;player_description&quot;:0}\">\n        <div class=\"ayg-player\">\n            <div class=\"ayg-player-container\" style=\"max-width: 100%;\">\n                <ayg-player src=\"https:\/\/www.youtube.com\/embed\/fuqScIKcf_8?enablejsapi=1&#038;playsinline=1&#038;rel=0&#038;autoplay=1&#038;modestbranding=1&#038;iv_load_policy=3\" ratio=\"56.25\" title=\"#EnVivo #SLP  | ESPECATADORES ARTE Y CULTURA - ENTREVISTA CON LAURA MONTESINOS\" poster=\"https:\/\/i.ytimg.com\/vi\/fuqScIKcf_8\/maxresdefault.jpg\"><\/ayg-player>           \n            <\/div>\n            <div class=\"ayg-player-caption\">\n                    \n                    <h2 class=\"ayg-player-title\">#EnVivo #SLP  | ESPECATADORES ARTE Y CULTURA - ENTREVISTA CON LAURA MONTESINOS<\/h2>  \n                                            <\/div>\n        <\/div>\n        <div class=\"ayg-videos ayg-gallery ayg-row\">\n                            <div class=\"ayg-video ayg-video-fuqScIKcf_8 ayg-col ayg-col-3 ayg-col-xs-2 ayg-active\">\n                    <div class=\"ayg-thumbnail\" data-id=\"fuqScIKcf_8\" data-title=\"#EnVivo #SLP  | ESPECATADORES ARTE Y CULTURA - ENTREVISTA CON LAURA MONTESINOS\" data-url=\"\">\n    <div class=\"ayg-thumbnail-media\" style=\"--ayg-image-ratio: 16 \/ 9\">\n        <img loading=\"lazy\" src=\"https:\/\/i.ytimg.com\/vi\/fuqScIKcf_8\/maxresdefault.jpg\" class=\"ayg-thumbnail-image\" width=\"1280\" height=\"720\" alt=\"#EnVivo #SLP  | ESPECATADORES ARTE Y CULTURA - ENTREVISTA CON LAURA MONTESINOS\" decoding=\"async\"\/><div class=\"ayg-thumbnail-now-playing\" style=\"display: none;\">Now Playing<\/div><svg xmlns=\"http:\/\/www.w3.org\/2000\/svg\" fill=\"white\" width=\"40\" height=\"40\" viewBox=\"0 0 24 24\" class=\"ayg-icon ayg-thumbnail-icon-play\" title=\"Play\" aria-label=\"Play\"><path fill-rule=\"evenodd\" d=\"M2.25 12c0-5.385 4.365-9.75 9.75-9.75s9.75 4.365 9.75 9.75-4.365 9.75-9.75 9.75S2.25 17.385 2.25 12Zm14.024-.983a1.125 1.125 0 0 1 0 1.966l-5.603 3.113A1.125 1.125 0 0 1 9 15.113V8.887c0-.857.921-1.4 1.671-.983l5.603 3.113Z\" clip-rule=\"evenodd\" \/><\/svg>        \n    <\/div>\n    <div class=\"ayg-thumbnail-caption\">\n         \n            <div class=\"ayg-thumbnail-title\">#EnVivo #SLP  | ESPECATADORES ARTE Y CULTURA - ENTREVISTA CON LAURA MONTESINOS<\/div>\n         \n                    <\/div>           \n<\/div>                <\/div>\n                            <div class=\"ayg-video ayg-video-NWKRVkXJqA8 ayg-col ayg-col-3 ayg-col-xs-2\">\n                    <div class=\"ayg-thumbnail\" data-id=\"NWKRVkXJqA8\" data-title=\"#EnVivo #SLP  | ESPECATADORES ARTE Y CULTURA - ENTREVISTA CON EMILIANO CASTILLO Y MTA. BO SEONG\" data-url=\"\">\n    <div class=\"ayg-thumbnail-media\" style=\"--ayg-image-ratio: 16 \/ 9\">\n        <img loading=\"lazy\" src=\"https:\/\/i.ytimg.com\/vi\/NWKRVkXJqA8\/maxresdefault.jpg\" class=\"ayg-thumbnail-image\" width=\"1280\" height=\"720\" alt=\"#EnVivo #SLP  | ESPECATADORES ARTE Y CULTURA - ENTREVISTA CON EMILIANO CASTILLO Y MTA. BO SEONG\" decoding=\"async\"\/><div class=\"ayg-thumbnail-now-playing\" style=\"display: none;\">Now Playing<\/div><svg xmlns=\"http:\/\/www.w3.org\/2000\/svg\" fill=\"white\" width=\"40\" height=\"40\" viewBox=\"0 0 24 24\" class=\"ayg-icon ayg-thumbnail-icon-play\" title=\"Play\" aria-label=\"Play\"><path fill-rule=\"evenodd\" d=\"M2.25 12c0-5.385 4.365-9.75 9.75-9.75s9.75 4.365 9.75 9.75-4.365 9.75-9.75 9.75S2.25 17.385 2.25 12Zm14.024-.983a1.125 1.125 0 0 1 0 1.966l-5.603 3.113A1.125 1.125 0 0 1 9 15.113V8.887c0-.857.921-1.4 1.671-.983l5.603 3.113Z\" clip-rule=\"evenodd\" \/><\/svg>        \n    <\/div>\n    <div class=\"ayg-thumbnail-caption\">\n         \n            <div class=\"ayg-thumbnail-title\">#EnVivo #SLP  | ESPECATADORES ARTE Y CULTURA - ENTREVISTA CON EMILIANO CASTILLO Y MTA. BO SEONG<\/div>\n         \n                    <\/div>           \n<\/div>                <\/div>\n                            <div class=\"ayg-video ayg-video-MXs1ng2PyWM ayg-col ayg-col-3 ayg-col-xs-2\">\n                    <div class=\"ayg-thumbnail\" data-id=\"MXs1ng2PyWM\" data-title=\"#EnVivo #SLP  | ESPECATADORES ARTE Y CULTURA - ENTREVISTA CON EMILIANO CASTILLO Y MTA. BO SEONG\" data-url=\"\">\n    <div class=\"ayg-thumbnail-media\" style=\"--ayg-image-ratio: 16 \/ 9\">\n        <img loading=\"lazy\" src=\"https:\/\/i.ytimg.com\/vi\/MXs1ng2PyWM\/maxresdefault.jpg\" class=\"ayg-thumbnail-image\" width=\"1280\" height=\"720\" alt=\"#EnVivo #SLP  | ESPECATADORES ARTE Y CULTURA - ENTREVISTA CON EMILIANO CASTILLO Y MTA. BO SEONG\" decoding=\"async\"\/><div class=\"ayg-thumbnail-now-playing\" style=\"display: none;\">Now Playing<\/div><svg xmlns=\"http:\/\/www.w3.org\/2000\/svg\" fill=\"white\" width=\"40\" height=\"40\" viewBox=\"0 0 24 24\" class=\"ayg-icon ayg-thumbnail-icon-play\" title=\"Play\" aria-label=\"Play\"><path fill-rule=\"evenodd\" d=\"M2.25 12c0-5.385 4.365-9.75 9.75-9.75s9.75 4.365 9.75 9.75-4.365 9.75-9.75 9.75S2.25 17.385 2.25 12Zm14.024-.983a1.125 1.125 0 0 1 0 1.966l-5.603 3.113A1.125 1.125 0 0 1 9 15.113V8.887c0-.857.921-1.4 1.671-.983l5.603 3.113Z\" clip-rule=\"evenodd\" \/><\/svg>        \n    <\/div>\n    <div class=\"ayg-thumbnail-caption\">\n         \n            <div class=\"ayg-thumbnail-title\">#EnVivo #SLP  | ESPECATADORES ARTE Y CULTURA - ENTREVISTA CON EMILIANO CASTILLO Y MTA. BO SEONG<\/div>\n         \n                    <\/div>           \n<\/div>                <\/div>\n                            <div class=\"ayg-video ayg-video-pUfW6KVXBZk ayg-col ayg-col-3 ayg-col-xs-2\">\n                    <div class=\"ayg-thumbnail\" data-id=\"pUfW6KVXBZk\" data-title=\"#EnVivo #SLP #Noticias | ESPECTADORES DE ARTE Y CULTURA\" data-url=\"\">\n    <div class=\"ayg-thumbnail-media\" style=\"--ayg-image-ratio: 16 \/ 9\">\n        <img loading=\"lazy\" src=\"https:\/\/i.ytimg.com\/vi\/pUfW6KVXBZk\/maxresdefault.jpg\" class=\"ayg-thumbnail-image\" width=\"1280\" height=\"720\" alt=\"#EnVivo #SLP #Noticias | ESPECTADORES DE ARTE Y CULTURA\" decoding=\"async\"\/><div class=\"ayg-thumbnail-now-playing\" style=\"display: none;\">Now Playing<\/div><svg xmlns=\"http:\/\/www.w3.org\/2000\/svg\" fill=\"white\" width=\"40\" height=\"40\" viewBox=\"0 0 24 24\" class=\"ayg-icon ayg-thumbnail-icon-play\" title=\"Play\" aria-label=\"Play\"><path fill-rule=\"evenodd\" d=\"M2.25 12c0-5.385 4.365-9.75 9.75-9.75s9.75 4.365 9.75 9.75-4.365 9.75-9.75 9.75S2.25 17.385 2.25 12Zm14.024-.983a1.125 1.125 0 0 1 0 1.966l-5.603 3.113A1.125 1.125 0 0 1 9 15.113V8.887c0-.857.921-1.4 1.671-.983l5.603 3.113Z\" clip-rule=\"evenodd\" \/><\/svg>        \n    <\/div>\n    <div class=\"ayg-thumbnail-caption\">\n         \n            <div class=\"ayg-thumbnail-title\">#EnVivo #SLP #Noticias | ESPECTADORES DE ARTE Y CULTURA<\/div>\n         \n                    <\/div>           \n<\/div>                <\/div>\n                            <div class=\"ayg-video ayg-video-pUfW6KVXBZk ayg-col ayg-col-3 ayg-col-xs-2\">\n                    <div class=\"ayg-thumbnail\" data-id=\"pUfW6KVXBZk\" data-title=\"#EnVivo #SLP #Noticias | ESPECTADORES DE ARTE Y CULTURA\" data-url=\"\">\n    <div class=\"ayg-thumbnail-media\" style=\"--ayg-image-ratio: 16 \/ 9\">\n        <img loading=\"lazy\" src=\"https:\/\/i.ytimg.com\/vi\/pUfW6KVXBZk\/maxresdefault.jpg\" class=\"ayg-thumbnail-image\" width=\"1280\" height=\"720\" alt=\"#EnVivo #SLP #Noticias | ESPECTADORES DE ARTE Y CULTURA\" decoding=\"async\"\/><div class=\"ayg-thumbnail-now-playing\" style=\"display: none;\">Now Playing<\/div><svg xmlns=\"http:\/\/www.w3.org\/2000\/svg\" fill=\"white\" width=\"40\" height=\"40\" viewBox=\"0 0 24 24\" class=\"ayg-icon ayg-thumbnail-icon-play\" title=\"Play\" aria-label=\"Play\"><path fill-rule=\"evenodd\" d=\"M2.25 12c0-5.385 4.365-9.75 9.75-9.75s9.75 4.365 9.75 9.75-4.365 9.75-9.75 9.75S2.25 17.385 2.25 12Zm14.024-.983a1.125 1.125 0 0 1 0 1.966l-5.603 3.113A1.125 1.125 0 0 1 9 15.113V8.887c0-.857.921-1.4 1.671-.983l5.603 3.113Z\" clip-rule=\"evenodd\" \/><\/svg>        \n    <\/div>\n    <div class=\"ayg-thumbnail-caption\">\n         \n            <div class=\"ayg-thumbnail-title\">#EnVivo #SLP #Noticias | ESPECTADORES DE ARTE Y CULTURA<\/div>\n         \n                    <\/div>           \n<\/div>                <\/div>\n                            <div class=\"ayg-video ayg-video-7rZvtCZduho ayg-col ayg-col-3 ayg-col-xs-2\">\n                    <div class=\"ayg-thumbnail\" data-id=\"7rZvtCZduho\" data-title=\"#EnVivo #SLP #Noticias | ESPECTADORES DE ARTE Y CULTURA\" data-url=\"\">\n    <div class=\"ayg-thumbnail-media\" style=\"--ayg-image-ratio: 16 \/ 9\">\n        <img loading=\"lazy\" src=\"https:\/\/i.ytimg.com\/vi\/7rZvtCZduho\/maxresdefault.jpg\" class=\"ayg-thumbnail-image\" width=\"1280\" height=\"720\" alt=\"#EnVivo #SLP #Noticias | ESPECTADORES DE ARTE Y CULTURA\" decoding=\"async\"\/><div class=\"ayg-thumbnail-now-playing\" style=\"display: none;\">Now Playing<\/div><svg xmlns=\"http:\/\/www.w3.org\/2000\/svg\" fill=\"white\" width=\"40\" height=\"40\" viewBox=\"0 0 24 24\" class=\"ayg-icon ayg-thumbnail-icon-play\" title=\"Play\" aria-label=\"Play\"><path fill-rule=\"evenodd\" d=\"M2.25 12c0-5.385 4.365-9.75 9.75-9.75s9.75 4.365 9.75 9.75-4.365 9.75-9.75 9.75S2.25 17.385 2.25 12Zm14.024-.983a1.125 1.125 0 0 1 0 1.966l-5.603 3.113A1.125 1.125 0 0 1 9 15.113V8.887c0-.857.921-1.4 1.671-.983l5.603 3.113Z\" clip-rule=\"evenodd\" \/><\/svg>        \n    <\/div>\n    <div class=\"ayg-thumbnail-caption\">\n         \n            <div class=\"ayg-thumbnail-title\">#EnVivo #SLP #Noticias | ESPECTADORES DE ARTE Y CULTURA<\/div>\n         \n                    <\/div>           \n<\/div>                <\/div>\n                            <div class=\"ayg-video ayg-video-7rZvtCZduho ayg-col ayg-col-3 ayg-col-xs-2\">\n                    <div class=\"ayg-thumbnail\" data-id=\"7rZvtCZduho\" data-title=\"#EnVivo #SLP #Noticias | ESPECTADORES DE ARTE Y CULTURA\" data-url=\"\">\n    <div class=\"ayg-thumbnail-media\" style=\"--ayg-image-ratio: 16 \/ 9\">\n        <img loading=\"lazy\" src=\"https:\/\/i.ytimg.com\/vi\/7rZvtCZduho\/maxresdefault.jpg\" class=\"ayg-thumbnail-image\" width=\"1280\" height=\"720\" alt=\"#EnVivo #SLP #Noticias | ESPECTADORES DE ARTE Y CULTURA\" decoding=\"async\"\/><div class=\"ayg-thumbnail-now-playing\" style=\"display: none;\">Now Playing<\/div><svg xmlns=\"http:\/\/www.w3.org\/2000\/svg\" fill=\"white\" width=\"40\" height=\"40\" viewBox=\"0 0 24 24\" class=\"ayg-icon ayg-thumbnail-icon-play\" title=\"Play\" aria-label=\"Play\"><path fill-rule=\"evenodd\" d=\"M2.25 12c0-5.385 4.365-9.75 9.75-9.75s9.75 4.365 9.75 9.75-4.365 9.75-9.75 9.75S2.25 17.385 2.25 12Zm14.024-.983a1.125 1.125 0 0 1 0 1.966l-5.603 3.113A1.125 1.125 0 0 1 9 15.113V8.887c0-.857.921-1.4 1.671-.983l5.603 3.113Z\" clip-rule=\"evenodd\" \/><\/svg>        \n    <\/div>\n    <div class=\"ayg-thumbnail-caption\">\n         \n            <div class=\"ayg-thumbnail-title\">#EnVivo #SLP #Noticias | ESPECTADORES DE ARTE Y CULTURA<\/div>\n         \n                    <\/div>           \n<\/div>                <\/div>\n                            <div class=\"ayg-video ayg-video-A4MY5wgaB00 ayg-col ayg-col-3 ayg-col-xs-2\">\n                    <div class=\"ayg-thumbnail\" data-id=\"A4MY5wgaB00\" data-title=\"#EnVivo #SLP #Noticias | ESPECTADORES DE ARTE Y CULTURA\" data-url=\"\">\n    <div class=\"ayg-thumbnail-media\" style=\"--ayg-image-ratio: 16 \/ 9\">\n        <img loading=\"lazy\" src=\"https:\/\/i.ytimg.com\/vi\/A4MY5wgaB00\/maxresdefault.jpg\" class=\"ayg-thumbnail-image\" width=\"1280\" height=\"720\" alt=\"#EnVivo #SLP #Noticias | ESPECTADORES DE ARTE Y CULTURA\" decoding=\"async\"\/><div class=\"ayg-thumbnail-now-playing\" style=\"display: none;\">Now Playing<\/div><svg xmlns=\"http:\/\/www.w3.org\/2000\/svg\" fill=\"white\" width=\"40\" height=\"40\" viewBox=\"0 0 24 24\" class=\"ayg-icon ayg-thumbnail-icon-play\" title=\"Play\" aria-label=\"Play\"><path fill-rule=\"evenodd\" d=\"M2.25 12c0-5.385 4.365-9.75 9.75-9.75s9.75 4.365 9.75 9.75-4.365 9.75-9.75 9.75S2.25 17.385 2.25 12Zm14.024-.983a1.125 1.125 0 0 1 0 1.966l-5.603 3.113A1.125 1.125 0 0 1 9 15.113V8.887c0-.857.921-1.4 1.671-.983l5.603 3.113Z\" clip-rule=\"evenodd\" \/><\/svg>        \n    <\/div>\n    <div class=\"ayg-thumbnail-caption\">\n         \n            <div class=\"ayg-thumbnail-title\">#EnVivo #SLP #Noticias | ESPECTADORES DE ARTE Y CULTURA<\/div>\n         \n                    <\/div>           \n<\/div>                <\/div>\n                            <div class=\"ayg-video ayg-video-A4MY5wgaB00 ayg-col ayg-col-3 ayg-col-xs-2\">\n                    <div class=\"ayg-thumbnail\" data-id=\"A4MY5wgaB00\" data-title=\"#EnVivo #SLP #Noticias | ESPECTADORES DE ARTE Y CULTURA\" data-url=\"\">\n    <div class=\"ayg-thumbnail-media\" style=\"--ayg-image-ratio: 16 \/ 9\">\n        <img loading=\"lazy\" src=\"https:\/\/i.ytimg.com\/vi\/A4MY5wgaB00\/maxresdefault.jpg\" class=\"ayg-thumbnail-image\" width=\"1280\" height=\"720\" alt=\"#EnVivo #SLP #Noticias | ESPECTADORES DE ARTE Y CULTURA\" decoding=\"async\"\/><div class=\"ayg-thumbnail-now-playing\" style=\"display: none;\">Now Playing<\/div><svg xmlns=\"http:\/\/www.w3.org\/2000\/svg\" fill=\"white\" width=\"40\" height=\"40\" viewBox=\"0 0 24 24\" class=\"ayg-icon ayg-thumbnail-icon-play\" title=\"Play\" aria-label=\"Play\"><path fill-rule=\"evenodd\" d=\"M2.25 12c0-5.385 4.365-9.75 9.75-9.75s9.75 4.365 9.75 9.75-4.365 9.75-9.75 9.75S2.25 17.385 2.25 12Zm14.024-.983a1.125 1.125 0 0 1 0 1.966l-5.603 3.113A1.125 1.125 0 0 1 9 15.113V8.887c0-.857.921-1.4 1.671-.983l5.603 3.113Z\" clip-rule=\"evenodd\" \/><\/svg>        \n    <\/div>\n    <div class=\"ayg-thumbnail-caption\">\n         \n            <div class=\"ayg-thumbnail-title\">#EnVivo #SLP #Noticias | ESPECTADORES DE ARTE Y CULTURA<\/div>\n         \n                    <\/div>           \n<\/div>                <\/div>\n                            <div class=\"ayg-video ayg-video-ZxEAm6Nd0pc ayg-col ayg-col-3 ayg-col-xs-2\">\n                    <div class=\"ayg-thumbnail\" data-id=\"ZxEAm6Nd0pc\" data-title=\"#EnVivo #SLP #Noticias | ESPECTADORES DE ARTE Y CULTURA\" data-url=\"\">\n    <div class=\"ayg-thumbnail-media\" style=\"--ayg-image-ratio: 16 \/ 9\">\n        <img loading=\"lazy\" src=\"https:\/\/i.ytimg.com\/vi\/ZxEAm6Nd0pc\/maxresdefault.jpg\" class=\"ayg-thumbnail-image\" width=\"1280\" height=\"720\" alt=\"#EnVivo #SLP #Noticias | ESPECTADORES DE ARTE Y CULTURA\" decoding=\"async\"\/><div class=\"ayg-thumbnail-now-playing\" style=\"display: none;\">Now Playing<\/div><svg xmlns=\"http:\/\/www.w3.org\/2000\/svg\" fill=\"white\" width=\"40\" height=\"40\" viewBox=\"0 0 24 24\" class=\"ayg-icon ayg-thumbnail-icon-play\" title=\"Play\" aria-label=\"Play\"><path fill-rule=\"evenodd\" d=\"M2.25 12c0-5.385 4.365-9.75 9.75-9.75s9.75 4.365 9.75 9.75-4.365 9.75-9.75 9.75S2.25 17.385 2.25 12Zm14.024-.983a1.125 1.125 0 0 1 0 1.966l-5.603 3.113A1.125 1.125 0 0 1 9 15.113V8.887c0-.857.921-1.4 1.671-.983l5.603 3.113Z\" clip-rule=\"evenodd\" \/><\/svg>        \n    <\/div>\n    <div class=\"ayg-thumbnail-caption\">\n         \n            <div class=\"ayg-thumbnail-title\">#EnVivo #SLP #Noticias | ESPECTADORES DE ARTE Y CULTURA<\/div>\n         \n                    <\/div>           \n<\/div>                <\/div>\n                            <div class=\"ayg-video ayg-video-ZxEAm6Nd0pc ayg-col ayg-col-3 ayg-col-xs-2\">\n                    <div class=\"ayg-thumbnail\" data-id=\"ZxEAm6Nd0pc\" data-title=\"#EnVivo #SLP #Noticias | ESPECTADORES DE ARTE Y CULTURA\" data-url=\"\">\n    <div class=\"ayg-thumbnail-media\" style=\"--ayg-image-ratio: 16 \/ 9\">\n        <img loading=\"lazy\" src=\"https:\/\/i.ytimg.com\/vi\/ZxEAm6Nd0pc\/maxresdefault.jpg\" class=\"ayg-thumbnail-image\" width=\"1280\" height=\"720\" alt=\"#EnVivo #SLP #Noticias | ESPECTADORES DE ARTE Y CULTURA\" decoding=\"async\"\/><div class=\"ayg-thumbnail-now-playing\" style=\"display: none;\">Now Playing<\/div><svg xmlns=\"http:\/\/www.w3.org\/2000\/svg\" fill=\"white\" width=\"40\" height=\"40\" viewBox=\"0 0 24 24\" class=\"ayg-icon ayg-thumbnail-icon-play\" title=\"Play\" aria-label=\"Play\"><path fill-rule=\"evenodd\" d=\"M2.25 12c0-5.385 4.365-9.75 9.75-9.75s9.75 4.365 9.75 9.75-4.365 9.75-9.75 9.75S2.25 17.385 2.25 12Zm14.024-.983a1.125 1.125 0 0 1 0 1.966l-5.603 3.113A1.125 1.125 0 0 1 9 15.113V8.887c0-.857.921-1.4 1.671-.983l5.603 3.113Z\" clip-rule=\"evenodd\" \/><\/svg>        \n    <\/div>\n    <div class=\"ayg-thumbnail-caption\">\n         \n            <div class=\"ayg-thumbnail-title\">#EnVivo #SLP #Noticias | ESPECTADORES DE ARTE Y CULTURA<\/div>\n         \n                    <\/div>           \n<\/div>                <\/div>\n                            <div class=\"ayg-video ayg-video-Tvpy09-qRUs ayg-col ayg-col-3 ayg-col-xs-2\">\n                    <div class=\"ayg-thumbnail\" data-id=\"Tvpy09-qRUs\" data-title=\"#EnVivo #SLP #Noticias | ESPECTADORES DE ARTE Y CULTURA\" data-url=\"\">\n    <div class=\"ayg-thumbnail-media\" style=\"--ayg-image-ratio: 16 \/ 9\">\n        <img loading=\"lazy\" src=\"https:\/\/i.ytimg.com\/vi\/Tvpy09-qRUs\/maxresdefault.jpg\" class=\"ayg-thumbnail-image\" width=\"1280\" height=\"720\" alt=\"#EnVivo #SLP #Noticias | ESPECTADORES DE ARTE Y CULTURA\" decoding=\"async\"\/><div class=\"ayg-thumbnail-now-playing\" style=\"display: none;\">Now Playing<\/div><svg xmlns=\"http:\/\/www.w3.org\/2000\/svg\" fill=\"white\" width=\"40\" height=\"40\" viewBox=\"0 0 24 24\" class=\"ayg-icon ayg-thumbnail-icon-play\" title=\"Play\" aria-label=\"Play\"><path fill-rule=\"evenodd\" d=\"M2.25 12c0-5.385 4.365-9.75 9.75-9.75s9.75 4.365 9.75 9.75-4.365 9.75-9.75 9.75S2.25 17.385 2.25 12Zm14.024-.983a1.125 1.125 0 0 1 0 1.966l-5.603 3.113A1.125 1.125 0 0 1 9 15.113V8.887c0-.857.921-1.4 1.671-.983l5.603 3.113Z\" clip-rule=\"evenodd\" \/><\/svg>        \n    <\/div>\n    <div class=\"ayg-thumbnail-caption\">\n         \n            <div class=\"ayg-thumbnail-title\">#EnVivo #SLP #Noticias | ESPECTADORES DE ARTE Y CULTURA<\/div>\n         \n                    <\/div>           \n<\/div>                <\/div>\n                    <\/div>\n        <ayg-pagination class=\"ayg-pagination\" data-params=\"{&quot;uid&quot;:&quot;2268181ccf8587c4de0c11bbc29d5a07&quot;,&quot;post_id&quot;:98300,&quot;type&quot;:&quot;playlist&quot;,&quot;src&quot;:&quot;PLLI1dDyzFJ5ZUzN9MuiuuG9trQgyfYFQ6&quot;,&quot;order&quot;:&quot;relevance&quot;,&quot;limit&quot;:500,&quot;per_page&quot;:12,&quot;cache&quot;:0,&quot;columns&quot;:3,&quot;thumb_ratio&quot;:56.25,&quot;thumb_title&quot;:1,&quot;thumb_title_length&quot;:0,&quot;thumb_excerpt&quot;:0,&quot;thumb_excerpt_length&quot;:75,&quot;player_description&quot;:0,&quot;total_pages&quot;:7,&quot;paged&quot;:1,&quot;next_page_token&quot;:&quot;EAAaHlBUOkNBd2lFRFU1UkVRME56WTBRelV3TWpreU9USQ&quot;,&quot;prev_page_token&quot;:&quot;&quot;}\">\n            <div class=\"ayg-pagination-prev\">\n            <button type=\"button\" class=\"ayg-btn ayg-pagination-prev-btn\" data-type=\"previous\" style=\"display: none;\">Anterior<\/button>\n        <\/div>\n        <div class=\"ayg-pagination-info\">\n            <span class=\"ayg-pagination-current-page-number\">1<\/span>\n            de            <span class=\"ayg-pagination-total-pages\">7<\/span>\n        <\/div>\n        <div class=\"ayg-pagination-next\">\n            <button type=\"button\" class=\"ayg-btn ayg-pagination-next-btn\" data-type=\"next\">Siguiente<\/button>\n        <\/div>\n    <\/ayg-pagination>    <\/ayg-theme-classic>\n<\/div>\n\n","protected":false},"excerpt":{"rendered":"<p>Espectadores de Arte y Cultura.\u00a0Te\u00a0presentaremos de una manera espont\u00e1nea y entretenida lo mejor del arte en San Luis Potos\u00ed mediante c\u00e1psulas informativas con los creadores y sus obras. Los artistas proyectan su quehacer en las diversas disciplinas. Martes y jueves a las\u00a017:30hrs. &nbsp; &nbsp; VIDEOS<\/p>\n","protected":false},"author":1,"featured_media":0,"parent":3869,"menu_order":0,"comment_status":"closed","ping_status":"closed","template":"","meta":{"_monsterinsights_skip_tracking":false,"_monsterinsights_sitenote_active":false,"_monsterinsights_sitenote_note":"","_monsterinsights_sitenote_category":0,"footnotes":""},"class_list":["post-98300","page","type-page","status-publish","hentry","post--single"],"_links":{"self":[{"href":"https:\/\/canal7slp.tv\/2026\/wp-json\/wp\/v2\/pages\/98300","targetHints":{"allow":["GET"]}}],"collection":[{"href":"https:\/\/canal7slp.tv\/2026\/wp-json\/wp\/v2\/pages"}],"about":[{"href":"https:\/\/canal7slp.tv\/2026\/wp-json\/wp\/v2\/types\/page"}],"author":[{"embeddable":true,"href":"https:\/\/canal7slp.tv\/2026\/wp-json\/wp\/v2\/users\/1"}],"replies":[{"embeddable":true,"href":"https:\/\/canal7slp.tv\/2026\/wp-json\/wp\/v2\/comments?post=98300"}],"version-history":[{"count":5,"href":"https:\/\/canal7slp.tv\/2026\/wp-json\/wp\/v2\/pages\/98300\/revisions"}],"predecessor-version":[{"id":160108,"href":"https:\/\/canal7slp.tv\/2026\/wp-json\/wp\/v2\/pages\/98300\/revisions\/160108"}],"up":[{"embeddable":true,"href":"https:\/\/canal7slp.tv\/2026\/wp-json\/wp\/v2\/pages\/3869"}],"wp:attachment":[{"href":"https:\/\/canal7slp.tv\/2026\/wp-json\/wp\/v2\/media?parent=98300"}],"curies":[{"name":"wp","href":"https:\/\/api.w.org\/{rel}","templated":true}]}}