{"id":98288,"date":"2021-02-11T19:22:37","date_gmt":"2021-02-12T01:22:37","guid":{"rendered":"https:\/\/canal7slp.tv\/2026\/?page_id=98288"},"modified":"2025-03-05T22:12:08","modified_gmt":"2025-03-06T04:12:08","slug":"al-sabor-del-dia","status":"publish","type":"page","link":"https:\/\/canal7slp.tv\/2026\/producciones\/al-sabor-del-dia\/","title":{"rendered":"AL SABOR DEL D\u00cdA"},"content":{"rendered":"<p><strong>Al Sabor del D\u00eda<\/strong>\u00a0Es una realizaci\u00f3n especializada en la creaci\u00f3n de recetas culinarias de forma creativa y divertida.<\/p>\n<p>Diferentes chefs llevan al televidente a armonizar una serie de elementos para provocar el deleite con su obra; dichos platillos son sencillos y de f\u00e1cil preparaci\u00f3n, lo cual hace que sea un programa con mucha din\u00e1mica.<\/p>\n<p>Nuestros chefs cuentan con vasta experiencia en el arte culinario tanto Nacional como Internacional. Lunes a viernes a las 13:30hrs-S\u00e1bado y domingo 11:00hrs.<\/p>\n<p><a href=\"https:\/\/www.facebook.com\/ALSABORDELDIA\" target=\"_blank\" rel=\"noopener\"><img loading=\"lazy\" decoding=\"async\" class=\"alignleft wp-image-139635 size-full\" style=\"font-size: 19.4286px;\" src=\"https:\/\/canal7slp.tv\/2026\/wp-content\/uploads\/2024\/08\/icono-facebook.jpg\" alt=\"\" width=\"40\" height=\"40\" \/><\/a><a href=\"https:\/\/www.instagram.com\/alsabordeldia\/\" target=\"_blank\" rel=\"noopener\"><img loading=\"lazy\" decoding=\"async\" class=\"alignleft wp-image-139637 size-full\" style=\"font-size: 19.4286px;\" src=\"https:\/\/canal7slp.tv\/2026\/wp-content\/uploads\/2024\/08\/icono-instagram.jpg\" alt=\"\" width=\"40\" height=\"40\" \/><\/a><\/p>\n<p>&nbsp;<\/p>\n<p><span style=\"font-size: 19.4286px;\">\u00a0<\/span><\/p>\n<hr \/>\n<h3 style=\"text-align: justify;\">VIDEOS<\/h3>\n<div class=\"automatic-youtube-gallery ayg\">\n        <ayg-theme-classic id=\"ayg-59027fab0740a792d29b03b991d988f8\" class=\"ayg-theme ayg-theme-classic\" data-params=\"{&quot;uid&quot;:&quot;59027fab0740a792d29b03b991d988f8&quot;,&quot;loop&quot;:0,&quot;autoadvance&quot;:0,&quot;player_title&quot;:1,&quot;player_description&quot;:0}\">\n        <div class=\"ayg-player\">\n            <div class=\"ayg-player-container\" style=\"max-width: 100%;\">\n                <ayg-player src=\"https:\/\/www.youtube.com\/embed\/33gD_5gvG0A?enablejsapi=1&#038;playsinline=1&#038;rel=0&#038;autoplay=1&#038;modestbranding=1&#038;iv_load_policy=3\" ratio=\"56.25\" title=\"Al Sabor del D\u00eda Empalmes\" poster=\"https:\/\/i.ytimg.com\/vi\/33gD_5gvG0A\/maxresdefault.jpg\"><\/ayg-player>           \n            <\/div>\n            <div class=\"ayg-player-caption\">\n                    \n                    <h2 class=\"ayg-player-title\">Al Sabor del D\u00eda Empalmes<\/h2>  \n                                            <\/div>\n        <\/div>\n        <div class=\"ayg-videos ayg-gallery ayg-row\">\n                            <div class=\"ayg-video ayg-video-33gD_5gvG0A ayg-col ayg-col-3 ayg-col-xs-2 ayg-active\">\n                    <div class=\"ayg-thumbnail\" data-id=\"33gD_5gvG0A\" data-title=\"Al Sabor del D\u00eda Empalmes\" data-url=\"\">\n    <div class=\"ayg-thumbnail-media\" style=\"--ayg-image-ratio: 16 \/ 9\">\n        <img loading=\"lazy\" src=\"https:\/\/i.ytimg.com\/vi\/33gD_5gvG0A\/maxresdefault.jpg\" class=\"ayg-thumbnail-image\" width=\"1280\" height=\"720\" alt=\"Al Sabor del D\u00eda Empalmes\" decoding=\"async\"\/><div class=\"ayg-thumbnail-now-playing\" style=\"display: none;\">Now Playing<\/div><svg xmlns=\"http:\/\/www.w3.org\/2000\/svg\" fill=\"white\" width=\"40\" height=\"40\" viewBox=\"0 0 24 24\" class=\"ayg-icon ayg-thumbnail-icon-play\" title=\"Play\" aria-label=\"Play\"><path fill-rule=\"evenodd\" d=\"M2.25 12c0-5.385 4.365-9.75 9.75-9.75s9.75 4.365 9.75 9.75-4.365 9.75-9.75 9.75S2.25 17.385 2.25 12Zm14.024-.983a1.125 1.125 0 0 1 0 1.966l-5.603 3.113A1.125 1.125 0 0 1 9 15.113V8.887c0-.857.921-1.4 1.671-.983l5.603 3.113Z\" clip-rule=\"evenodd\" \/><\/svg>        \n    <\/div>\n    <div class=\"ayg-thumbnail-caption\">\n         \n            <div class=\"ayg-thumbnail-title\">Al Sabor del D\u00eda Empalmes<\/div>\n         \n                    <\/div>           \n<\/div>                <\/div>\n                            <div class=\"ayg-video ayg-video-yQQhbb0IW7c ayg-col ayg-col-3 ayg-col-xs-2\">\n                    <div class=\"ayg-thumbnail\" data-id=\"yQQhbb0IW7c\" data-title=\"Al Sabor del D\u00eda Pastel de Zanahoria Libre de Gluten\" data-url=\"\">\n    <div class=\"ayg-thumbnail-media\" style=\"--ayg-image-ratio: 16 \/ 9\">\n        <img loading=\"lazy\" src=\"https:\/\/i.ytimg.com\/vi\/yQQhbb0IW7c\/maxresdefault.jpg\" class=\"ayg-thumbnail-image\" width=\"1280\" height=\"720\" alt=\"Al Sabor del D\u00eda Pastel de Zanahoria Libre de Gluten\" decoding=\"async\"\/><div class=\"ayg-thumbnail-now-playing\" style=\"display: none;\">Now Playing<\/div><svg xmlns=\"http:\/\/www.w3.org\/2000\/svg\" fill=\"white\" width=\"40\" height=\"40\" viewBox=\"0 0 24 24\" class=\"ayg-icon ayg-thumbnail-icon-play\" title=\"Play\" aria-label=\"Play\"><path fill-rule=\"evenodd\" d=\"M2.25 12c0-5.385 4.365-9.75 9.75-9.75s9.75 4.365 9.75 9.75-4.365 9.75-9.75 9.75S2.25 17.385 2.25 12Zm14.024-.983a1.125 1.125 0 0 1 0 1.966l-5.603 3.113A1.125 1.125 0 0 1 9 15.113V8.887c0-.857.921-1.4 1.671-.983l5.603 3.113Z\" clip-rule=\"evenodd\" \/><\/svg>        \n    <\/div>\n    <div class=\"ayg-thumbnail-caption\">\n         \n            <div class=\"ayg-thumbnail-title\">Al Sabor del D\u00eda Pastel de Zanahoria Libre de Gluten<\/div>\n         \n                    <\/div>           \n<\/div>                <\/div>\n                            <div class=\"ayg-video ayg-video-_x9KyJY56-g ayg-col ayg-col-3 ayg-col-xs-2\">\n                    <div class=\"ayg-thumbnail\" data-id=\"_x9KyJY56-g\" data-title=\"Al Sabor del D\u00eda S\u00e1ndwich Estilo Filadelfia\" data-url=\"\">\n    <div class=\"ayg-thumbnail-media\" style=\"--ayg-image-ratio: 16 \/ 9\">\n        <img loading=\"lazy\" src=\"https:\/\/i.ytimg.com\/vi\/_x9KyJY56-g\/maxresdefault.jpg\" class=\"ayg-thumbnail-image\" width=\"1280\" height=\"720\" alt=\"Al Sabor del D\u00eda S\u00e1ndwich Estilo Filadelfia\" decoding=\"async\"\/><div class=\"ayg-thumbnail-now-playing\" style=\"display: none;\">Now Playing<\/div><svg xmlns=\"http:\/\/www.w3.org\/2000\/svg\" fill=\"white\" width=\"40\" height=\"40\" viewBox=\"0 0 24 24\" class=\"ayg-icon ayg-thumbnail-icon-play\" title=\"Play\" aria-label=\"Play\"><path fill-rule=\"evenodd\" d=\"M2.25 12c0-5.385 4.365-9.75 9.75-9.75s9.75 4.365 9.75 9.75-4.365 9.75-9.75 9.75S2.25 17.385 2.25 12Zm14.024-.983a1.125 1.125 0 0 1 0 1.966l-5.603 3.113A1.125 1.125 0 0 1 9 15.113V8.887c0-.857.921-1.4 1.671-.983l5.603 3.113Z\" clip-rule=\"evenodd\" \/><\/svg>        \n    <\/div>\n    <div class=\"ayg-thumbnail-caption\">\n         \n            <div class=\"ayg-thumbnail-title\">Al Sabor del D\u00eda S\u00e1ndwich Estilo Filadelfia<\/div>\n         \n                    <\/div>           \n<\/div>                <\/div>\n                            <div class=\"ayg-video ayg-video-PqugoHNCnrI ayg-col ayg-col-3 ayg-col-xs-2\">\n                    <div class=\"ayg-thumbnail\" data-id=\"PqugoHNCnrI\" data-title=\"Al Sabor del D\u00eda S\u00e1ndwich estilo Monte Cristo\" data-url=\"\">\n    <div class=\"ayg-thumbnail-media\" style=\"--ayg-image-ratio: 16 \/ 9\">\n        <img loading=\"lazy\" src=\"https:\/\/i.ytimg.com\/vi\/PqugoHNCnrI\/maxresdefault.jpg\" class=\"ayg-thumbnail-image\" width=\"1280\" height=\"720\" alt=\"Al Sabor del D\u00eda S\u00e1ndwich estilo Monte Cristo\" decoding=\"async\"\/><div class=\"ayg-thumbnail-now-playing\" style=\"display: none;\">Now Playing<\/div><svg xmlns=\"http:\/\/www.w3.org\/2000\/svg\" fill=\"white\" width=\"40\" height=\"40\" viewBox=\"0 0 24 24\" class=\"ayg-icon ayg-thumbnail-icon-play\" title=\"Play\" aria-label=\"Play\"><path fill-rule=\"evenodd\" d=\"M2.25 12c0-5.385 4.365-9.75 9.75-9.75s9.75 4.365 9.75 9.75-4.365 9.75-9.75 9.75S2.25 17.385 2.25 12Zm14.024-.983a1.125 1.125 0 0 1 0 1.966l-5.603 3.113A1.125 1.125 0 0 1 9 15.113V8.887c0-.857.921-1.4 1.671-.983l5.603 3.113Z\" clip-rule=\"evenodd\" \/><\/svg>        \n    <\/div>\n    <div class=\"ayg-thumbnail-caption\">\n         \n            <div class=\"ayg-thumbnail-title\">Al Sabor del D\u00eda S\u00e1ndwich estilo Monte Cristo<\/div>\n         \n                    <\/div>           \n<\/div>                <\/div>\n                            <div class=\"ayg-video ayg-video-BJn6todRVmU ayg-col ayg-col-3 ayg-col-xs-2\">\n                    <div class=\"ayg-thumbnail\" data-id=\"BJn6todRVmU\" data-title=\"Al Sabor del D\u00eda Sopa de Tomate Rostizado\" data-url=\"\">\n    <div class=\"ayg-thumbnail-media\" style=\"--ayg-image-ratio: 16 \/ 9\">\n        <img loading=\"lazy\" src=\"https:\/\/i.ytimg.com\/vi\/BJn6todRVmU\/maxresdefault.jpg\" class=\"ayg-thumbnail-image\" width=\"1280\" height=\"720\" alt=\"Al Sabor del D\u00eda Sopa de Tomate Rostizado\" decoding=\"async\"\/><div class=\"ayg-thumbnail-now-playing\" style=\"display: none;\">Now Playing<\/div><svg xmlns=\"http:\/\/www.w3.org\/2000\/svg\" fill=\"white\" width=\"40\" height=\"40\" viewBox=\"0 0 24 24\" class=\"ayg-icon ayg-thumbnail-icon-play\" title=\"Play\" aria-label=\"Play\"><path fill-rule=\"evenodd\" d=\"M2.25 12c0-5.385 4.365-9.75 9.75-9.75s9.75 4.365 9.75 9.75-4.365 9.75-9.75 9.75S2.25 17.385 2.25 12Zm14.024-.983a1.125 1.125 0 0 1 0 1.966l-5.603 3.113A1.125 1.125 0 0 1 9 15.113V8.887c0-.857.921-1.4 1.671-.983l5.603 3.113Z\" clip-rule=\"evenodd\" \/><\/svg>        \n    <\/div>\n    <div class=\"ayg-thumbnail-caption\">\n         \n            <div class=\"ayg-thumbnail-title\">Al Sabor del D\u00eda Sopa de Tomate Rostizado<\/div>\n         \n                    <\/div>           \n<\/div>                <\/div>\n                            <div class=\"ayg-video ayg-video-WOsJOpiYZOE ayg-col ayg-col-3 ayg-col-xs-2\">\n                    <div class=\"ayg-thumbnail\" data-id=\"WOsJOpiYZOE\" data-title=\"Al Sabor del D\u00eda Torta Ahogada\" data-url=\"\">\n    <div class=\"ayg-thumbnail-media\" style=\"--ayg-image-ratio: 16 \/ 9\">\n        <img loading=\"lazy\" src=\"https:\/\/i.ytimg.com\/vi\/WOsJOpiYZOE\/maxresdefault.jpg\" class=\"ayg-thumbnail-image\" width=\"1280\" height=\"720\" alt=\"Al Sabor del D\u00eda Torta Ahogada\" decoding=\"async\"\/><div class=\"ayg-thumbnail-now-playing\" style=\"display: none;\">Now Playing<\/div><svg xmlns=\"http:\/\/www.w3.org\/2000\/svg\" fill=\"white\" width=\"40\" height=\"40\" viewBox=\"0 0 24 24\" class=\"ayg-icon ayg-thumbnail-icon-play\" title=\"Play\" aria-label=\"Play\"><path fill-rule=\"evenodd\" d=\"M2.25 12c0-5.385 4.365-9.75 9.75-9.75s9.75 4.365 9.75 9.75-4.365 9.75-9.75 9.75S2.25 17.385 2.25 12Zm14.024-.983a1.125 1.125 0 0 1 0 1.966l-5.603 3.113A1.125 1.125 0 0 1 9 15.113V8.887c0-.857.921-1.4 1.671-.983l5.603 3.113Z\" clip-rule=\"evenodd\" \/><\/svg>        \n    <\/div>\n    <div class=\"ayg-thumbnail-caption\">\n         \n            <div class=\"ayg-thumbnail-title\">Al Sabor del D\u00eda Torta Ahogada<\/div>\n         \n                    <\/div>           \n<\/div>                <\/div>\n                            <div class=\"ayg-video ayg-video-YpbMX-IBSLM ayg-col ayg-col-3 ayg-col-xs-2\">\n                    <div class=\"ayg-thumbnail\" data-id=\"YpbMX-IBSLM\" data-title=\"Al Sabor del D\u00eda Tostadas de Chicharr\u00f3n\" data-url=\"\">\n    <div class=\"ayg-thumbnail-media\" style=\"--ayg-image-ratio: 16 \/ 9\">\n        <img loading=\"lazy\" src=\"https:\/\/i.ytimg.com\/vi\/YpbMX-IBSLM\/maxresdefault.jpg\" class=\"ayg-thumbnail-image\" width=\"1280\" height=\"720\" alt=\"Al Sabor del D\u00eda Tostadas de Chicharr\u00f3n\" decoding=\"async\"\/><div class=\"ayg-thumbnail-now-playing\" style=\"display: none;\">Now Playing<\/div><svg xmlns=\"http:\/\/www.w3.org\/2000\/svg\" fill=\"white\" width=\"40\" height=\"40\" viewBox=\"0 0 24 24\" class=\"ayg-icon ayg-thumbnail-icon-play\" title=\"Play\" aria-label=\"Play\"><path fill-rule=\"evenodd\" d=\"M2.25 12c0-5.385 4.365-9.75 9.75-9.75s9.75 4.365 9.75 9.75-4.365 9.75-9.75 9.75S2.25 17.385 2.25 12Zm14.024-.983a1.125 1.125 0 0 1 0 1.966l-5.603 3.113A1.125 1.125 0 0 1 9 15.113V8.887c0-.857.921-1.4 1.671-.983l5.603 3.113Z\" clip-rule=\"evenodd\" \/><\/svg>        \n    <\/div>\n    <div class=\"ayg-thumbnail-caption\">\n         \n            <div class=\"ayg-thumbnail-title\">Al Sabor del D\u00eda Tostadas de Chicharr\u00f3n<\/div>\n         \n                    <\/div>           \n<\/div>                <\/div>\n                            <div class=\"ayg-video ayg-video-BShU9Z9n45E ayg-col ayg-col-3 ayg-col-xs-2\">\n                    <div class=\"ayg-thumbnail\" data-id=\"BShU9Z9n45E\" data-title=\"Al Sabor del D\u00eda Mole con Pollo\" data-url=\"\">\n    <div class=\"ayg-thumbnail-media\" style=\"--ayg-image-ratio: 16 \/ 9\">\n        <img loading=\"lazy\" src=\"https:\/\/i.ytimg.com\/vi\/BShU9Z9n45E\/maxresdefault.jpg\" class=\"ayg-thumbnail-image\" width=\"1280\" height=\"720\" alt=\"Al Sabor del D\u00eda Mole con Pollo\" decoding=\"async\"\/><div class=\"ayg-thumbnail-now-playing\" style=\"display: none;\">Now Playing<\/div><svg xmlns=\"http:\/\/www.w3.org\/2000\/svg\" fill=\"white\" width=\"40\" height=\"40\" viewBox=\"0 0 24 24\" class=\"ayg-icon ayg-thumbnail-icon-play\" title=\"Play\" aria-label=\"Play\"><path fill-rule=\"evenodd\" d=\"M2.25 12c0-5.385 4.365-9.75 9.75-9.75s9.75 4.365 9.75 9.75-4.365 9.75-9.75 9.75S2.25 17.385 2.25 12Zm14.024-.983a1.125 1.125 0 0 1 0 1.966l-5.603 3.113A1.125 1.125 0 0 1 9 15.113V8.887c0-.857.921-1.4 1.671-.983l5.603 3.113Z\" clip-rule=\"evenodd\" \/><\/svg>        \n    <\/div>\n    <div class=\"ayg-thumbnail-caption\">\n         \n            <div class=\"ayg-thumbnail-title\">Al Sabor del D\u00eda Mole con Pollo<\/div>\n         \n                    <\/div>           \n<\/div>                <\/div>\n                            <div class=\"ayg-video ayg-video-egUgIH_MffM ayg-col ayg-col-3 ayg-col-xs-2\">\n                    <div class=\"ayg-thumbnail\" data-id=\"egUgIH_MffM\" data-title=\"Al Sabor del D\u00eda Martinis\" data-url=\"\">\n    <div class=\"ayg-thumbnail-media\" style=\"--ayg-image-ratio: 16 \/ 9\">\n        <img loading=\"lazy\" src=\"https:\/\/i.ytimg.com\/vi\/egUgIH_MffM\/maxresdefault.jpg\" class=\"ayg-thumbnail-image\" width=\"1280\" height=\"720\" alt=\"Al Sabor del D\u00eda Martinis\" decoding=\"async\"\/><div class=\"ayg-thumbnail-now-playing\" style=\"display: none;\">Now Playing<\/div><svg xmlns=\"http:\/\/www.w3.org\/2000\/svg\" fill=\"white\" width=\"40\" height=\"40\" viewBox=\"0 0 24 24\" class=\"ayg-icon ayg-thumbnail-icon-play\" title=\"Play\" aria-label=\"Play\"><path fill-rule=\"evenodd\" d=\"M2.25 12c0-5.385 4.365-9.75 9.75-9.75s9.75 4.365 9.75 9.75-4.365 9.75-9.75 9.75S2.25 17.385 2.25 12Zm14.024-.983a1.125 1.125 0 0 1 0 1.966l-5.603 3.113A1.125 1.125 0 0 1 9 15.113V8.887c0-.857.921-1.4 1.671-.983l5.603 3.113Z\" clip-rule=\"evenodd\" \/><\/svg>        \n    <\/div>\n    <div class=\"ayg-thumbnail-caption\">\n         \n            <div class=\"ayg-thumbnail-title\">Al Sabor del D\u00eda Martinis<\/div>\n         \n                    <\/div>           \n<\/div>                <\/div>\n                            <div class=\"ayg-video ayg-video-Y05EEru2az4 ayg-col ayg-col-3 ayg-col-xs-2\">\n                    <div class=\"ayg-thumbnail\" data-id=\"Y05EEru2az4\" data-title=\"Al Sabor del D\u00eda Ensalda de Col Morada\" data-url=\"\">\n    <div class=\"ayg-thumbnail-media\" style=\"--ayg-image-ratio: 16 \/ 9\">\n        <img loading=\"lazy\" src=\"https:\/\/i.ytimg.com\/vi\/Y05EEru2az4\/maxresdefault.jpg\" class=\"ayg-thumbnail-image\" width=\"1280\" height=\"720\" alt=\"Al Sabor del D\u00eda Ensalda de Col Morada\" decoding=\"async\"\/><div class=\"ayg-thumbnail-now-playing\" style=\"display: none;\">Now Playing<\/div><svg xmlns=\"http:\/\/www.w3.org\/2000\/svg\" fill=\"white\" width=\"40\" height=\"40\" viewBox=\"0 0 24 24\" class=\"ayg-icon ayg-thumbnail-icon-play\" title=\"Play\" aria-label=\"Play\"><path fill-rule=\"evenodd\" d=\"M2.25 12c0-5.385 4.365-9.75 9.75-9.75s9.75 4.365 9.75 9.75-4.365 9.75-9.75 9.75S2.25 17.385 2.25 12Zm14.024-.983a1.125 1.125 0 0 1 0 1.966l-5.603 3.113A1.125 1.125 0 0 1 9 15.113V8.887c0-.857.921-1.4 1.671-.983l5.603 3.113Z\" clip-rule=\"evenodd\" \/><\/svg>        \n    <\/div>\n    <div class=\"ayg-thumbnail-caption\">\n         \n            <div class=\"ayg-thumbnail-title\">Al Sabor del D\u00eda Ensalda de Col Morada<\/div>\n         \n                    <\/div>           \n<\/div>                <\/div>\n                            <div class=\"ayg-video ayg-video-FdVHkvgdOds ayg-col ayg-col-3 ayg-col-xs-2\">\n                    <div class=\"ayg-thumbnail\" data-id=\"FdVHkvgdOds\" data-title=\"Al Sabor del D\u00eda Duraznos en Crema de Vino Blanco\" data-url=\"\">\n    <div class=\"ayg-thumbnail-media\" style=\"--ayg-image-ratio: 16 \/ 9\">\n        <img loading=\"lazy\" src=\"https:\/\/i.ytimg.com\/vi\/FdVHkvgdOds\/maxresdefault.jpg\" class=\"ayg-thumbnail-image\" width=\"1280\" height=\"720\" alt=\"Al Sabor del D\u00eda Duraznos en Crema de Vino Blanco\" decoding=\"async\"\/><div class=\"ayg-thumbnail-now-playing\" style=\"display: none;\">Now Playing<\/div><svg xmlns=\"http:\/\/www.w3.org\/2000\/svg\" fill=\"white\" width=\"40\" height=\"40\" viewBox=\"0 0 24 24\" class=\"ayg-icon ayg-thumbnail-icon-play\" title=\"Play\" aria-label=\"Play\"><path fill-rule=\"evenodd\" d=\"M2.25 12c0-5.385 4.365-9.75 9.75-9.75s9.75 4.365 9.75 9.75-4.365 9.75-9.75 9.75S2.25 17.385 2.25 12Zm14.024-.983a1.125 1.125 0 0 1 0 1.966l-5.603 3.113A1.125 1.125 0 0 1 9 15.113V8.887c0-.857.921-1.4 1.671-.983l5.603 3.113Z\" clip-rule=\"evenodd\" \/><\/svg>        \n    <\/div>\n    <div class=\"ayg-thumbnail-caption\">\n         \n            <div class=\"ayg-thumbnail-title\">Al Sabor del D\u00eda Duraznos en Crema de Vino Blanco<\/div>\n         \n                    <\/div>           \n<\/div>                <\/div>\n                            <div class=\"ayg-video ayg-video-LMMW_VJeJtg ayg-col ayg-col-3 ayg-col-xs-2\">\n                    <div class=\"ayg-thumbnail\" data-id=\"LMMW_VJeJtg\" data-title=\"Al Sabor del D\u00eda Ensalda de Camote y Betabel\" data-url=\"\">\n    <div class=\"ayg-thumbnail-media\" style=\"--ayg-image-ratio: 16 \/ 9\">\n        <img loading=\"lazy\" src=\"https:\/\/i.ytimg.com\/vi\/LMMW_VJeJtg\/maxresdefault.jpg\" class=\"ayg-thumbnail-image\" width=\"1280\" height=\"720\" alt=\"Al Sabor del D\u00eda Ensalda de Camote y Betabel\" decoding=\"async\"\/><div class=\"ayg-thumbnail-now-playing\" style=\"display: none;\">Now Playing<\/div><svg xmlns=\"http:\/\/www.w3.org\/2000\/svg\" fill=\"white\" width=\"40\" height=\"40\" viewBox=\"0 0 24 24\" class=\"ayg-icon ayg-thumbnail-icon-play\" title=\"Play\" aria-label=\"Play\"><path fill-rule=\"evenodd\" d=\"M2.25 12c0-5.385 4.365-9.75 9.75-9.75s9.75 4.365 9.75 9.75-4.365 9.75-9.75 9.75S2.25 17.385 2.25 12Zm14.024-.983a1.125 1.125 0 0 1 0 1.966l-5.603 3.113A1.125 1.125 0 0 1 9 15.113V8.887c0-.857.921-1.4 1.671-.983l5.603 3.113Z\" clip-rule=\"evenodd\" \/><\/svg>        \n    <\/div>\n    <div class=\"ayg-thumbnail-caption\">\n         \n            <div class=\"ayg-thumbnail-title\">Al Sabor del D\u00eda Ensalda de Camote y Betabel<\/div>\n         \n                    <\/div>           \n<\/div>                <\/div>\n                    <\/div>\n        <ayg-pagination class=\"ayg-pagination\" data-params=\"{&quot;uid&quot;:&quot;59027fab0740a792d29b03b991d988f8&quot;,&quot;post_id&quot;:98288,&quot;type&quot;:&quot;playlist&quot;,&quot;src&quot;:&quot;PLLI1dDyzFJ5bSrayVNH03PxPABL99WfXD&quot;,&quot;order&quot;:&quot;relevance&quot;,&quot;limit&quot;:500,&quot;per_page&quot;:12,&quot;cache&quot;:0,&quot;columns&quot;:3,&quot;thumb_ratio&quot;:56.25,&quot;thumb_title&quot;:1,&quot;thumb_title_length&quot;:0,&quot;thumb_excerpt&quot;:0,&quot;thumb_excerpt_length&quot;:75,&quot;player_description&quot;:0,&quot;total_pages&quot;:12,&quot;paged&quot;:1,&quot;next_page_token&quot;:&quot;EAAaHlBUOkNBd2lFRUl3T1RWRFF6RkVSakk1TlVRNU5rVQ&quot;,&quot;prev_page_token&quot;:&quot;&quot;}\">\n            <div class=\"ayg-pagination-prev\">\n            <button type=\"button\" class=\"ayg-btn ayg-pagination-prev-btn\" data-type=\"previous\" style=\"display: none;\">Anterior<\/button>\n        <\/div>\n        <div class=\"ayg-pagination-info\">\n            <span class=\"ayg-pagination-current-page-number\">1<\/span>\n            de            <span class=\"ayg-pagination-total-pages\">12<\/span>\n        <\/div>\n        <div class=\"ayg-pagination-next\">\n            <button type=\"button\" class=\"ayg-btn ayg-pagination-next-btn\" data-type=\"next\">Siguiente<\/button>\n        <\/div>\n    <\/ayg-pagination>    <\/ayg-theme-classic>\n<\/div>\n\n","protected":false},"excerpt":{"rendered":"<p>Al Sabor del D\u00eda\u00a0Es una realizaci\u00f3n especializada en la creaci\u00f3n de recetas culinarias de forma creativa y divertida. Diferentes chefs llevan al televidente a armonizar una serie de elementos para provocar el deleite con su obra; dichos platillos son sencillos y de f\u00e1cil preparaci\u00f3n, lo cual hace que sea un programa con mucha din\u00e1mica. Nuestros chefs cuentan con vasta experiencia en el arte culinario tanto Nacional como Internacional. Lunes a viernes a las 13:30hrs-S\u00e1bado y domingo 11:00hrs. &nbsp; \u00a0 VIDEOS<\/p>\n","protected":false},"author":1,"featured_media":0,"parent":3869,"menu_order":0,"comment_status":"closed","ping_status":"closed","template":"","meta":{"_monsterinsights_skip_tracking":false,"_monsterinsights_sitenote_active":false,"_monsterinsights_sitenote_note":"","_monsterinsights_sitenote_category":0,"footnotes":""},"class_list":["post-98288","page","type-page","status-publish","hentry","post--single"],"_links":{"self":[{"href":"https:\/\/canal7slp.tv\/2026\/wp-json\/wp\/v2\/pages\/98288","targetHints":{"allow":["GET"]}}],"collection":[{"href":"https:\/\/canal7slp.tv\/2026\/wp-json\/wp\/v2\/pages"}],"about":[{"href":"https:\/\/canal7slp.tv\/2026\/wp-json\/wp\/v2\/types\/page"}],"author":[{"embeddable":true,"href":"https:\/\/canal7slp.tv\/2026\/wp-json\/wp\/v2\/users\/1"}],"replies":[{"embeddable":true,"href":"https:\/\/canal7slp.tv\/2026\/wp-json\/wp\/v2\/comments?post=98288"}],"version-history":[{"count":5,"href":"https:\/\/canal7slp.tv\/2026\/wp-json\/wp\/v2\/pages\/98288\/revisions"}],"predecessor-version":[{"id":160097,"href":"https:\/\/canal7slp.tv\/2026\/wp-json\/wp\/v2\/pages\/98288\/revisions\/160097"}],"up":[{"embeddable":true,"href":"https:\/\/canal7slp.tv\/2026\/wp-json\/wp\/v2\/pages\/3869"}],"wp:attachment":[{"href":"https:\/\/canal7slp.tv\/2026\/wp-json\/wp\/v2\/media?parent=98288"}],"curies":[{"name":"wp","href":"https:\/\/api.w.org\/{rel}","templated":true}]}}