{"id":98270,"date":"2021-02-11T19:22:37","date_gmt":"2021-02-12T01:22:37","guid":{"rendered":"https:\/\/canal7slp.tv\/2026\/?page_id=98270"},"modified":"2024-02-02T13:30:32","modified_gmt":"2024-02-02T19:30:32","slug":"noticieros-canal-7","status":"publish","type":"page","link":"https:\/\/canal7slp.tv\/2026\/producciones\/noticieros-canal-7\/","title":{"rendered":"NOTICIEROS CANAL 7"},"content":{"rendered":"<p><img loading=\"lazy\" decoding=\"async\" class=\"alignnone size-medium wp-image-1890\" src=\"https:\/\/canal7slp.tv\/2026\/wp-content\/uploads\/2021\/01\/logo-noticieros@2x-1-300x96.png\" alt=\"\" width=\"300\" height=\"96\" srcset=\"https:\/\/canal7slp.tv\/2026\/wp-content\/uploads\/2021\/01\/logo-noticieros@2x-1-300x96.png 300w, https:\/\/canal7slp.tv\/2026\/wp-content\/uploads\/2021\/01\/logo-noticieros@2x-1-1024x327.png 1024w, https:\/\/canal7slp.tv\/2026\/wp-content\/uploads\/2021\/01\/logo-noticieros@2x-1-768x245.png 768w, https:\/\/canal7slp.tv\/2026\/wp-content\/uploads\/2021\/01\/logo-noticieros@2x-1-800x256.png 800w, https:\/\/canal7slp.tv\/2026\/wp-content\/uploads\/2021\/01\/logo-noticieros@2x-1.png 1083w\" sizes=\"auto, (max-width: 300px) 100vw, 300px\" \/><\/p>\n<p>&nbsp;<\/p>\n<div class=\"atbs-ceris-responsive-video\"><iframe loading=\"lazy\" title=\"NOTICIEROS COMBO    PROMO AGOSTO 2023\" width=\"1200\" height=\"675\" src=\"https:\/\/www.youtube.com\/embed\/LmVL-F909Dk?feature=oembed\" frameborder=\"0\" allow=\"accelerometer; autoplay; clipboard-write; encrypted-media; gyroscope; picture-in-picture; web-share\" allowfullscreen><\/iframe><\/div>\n<p>&nbsp;<\/p>\n<hr \/>\n<h3 style=\"text-align: justify;\">NOTICIERO MATUTINO 7 AM<\/h3>\n<div class=\"atbs-ceris-responsive-video\"><iframe loading=\"lazy\" title=\"NOTICIERO 7AM  - PROMO DICIEMBRE 2023\" width=\"1200\" height=\"675\" src=\"https:\/\/www.youtube.com\/embed\/_7Njv0wqHX0?feature=oembed\" frameborder=\"0\" allow=\"accelerometer; autoplay; clipboard-write; encrypted-media; gyroscope; picture-in-picture; web-share\" allowfullscreen><\/iframe><\/div>\n<p style=\"text-align: justify;\">NOTICIERO 7AM\u00a0Amanezca bien informado, con lo m\u00e1s trascendental de las noticias locales, nacionales e internacionales, el clima, los espect\u00e1culos y deportes.\u00a0Un noticiero agradable en punto de las siete de la ma\u00f1ana de Lunes a Viernes.<\/p>\n<hr \/>\n<h3 style=\"text-align: justify;\">NOTICIERO PRIMERA EDICI\u00d3N 2 PM<\/h3>\n<div class=\"atbs-ceris-responsive-video\"><iframe loading=\"lazy\" title=\"NOTICIERO VESPERTINO - PROMO DICIEMBRE 2023\" width=\"1200\" height=\"675\" src=\"https:\/\/www.youtube.com\/embed\/PD-l6QraGow?feature=oembed\" frameborder=\"0\" allow=\"accelerometer; autoplay; clipboard-write; encrypted-media; gyroscope; picture-in-picture; web-share\" allowfullscreen><\/iframe><\/div>\n<p style=\"text-align: justify;\">Lunes a viernes a las 14:00hrs ent\u00e9rese de los sucesos m\u00e1s importantes minuto a minuto de nuestro estado. Un noticiero veraz, oportuno e imparcial con la m\u00e1s amplia cobertura sin censura.\u00a0NOTICIEROS PRIMERA EDICI\u00d3N<\/p>\n<hr \/>\n<h3 style=\"text-align: justify;\">NOTICIERO ESTELAR 9 PM<\/h3>\n<p style=\"text-align: justify;\">NOTICIERO ESTELAR 9 PM\u00a0Un equipo de reporteros y corresponsales distribuidos en todos los rincones de nuestro estado le ofrecen la m\u00e1s amplia cobertura.\u00a0Lunes a viernes 21:00hrs.<\/p>\n<div class=\"atbs-ceris-responsive-video\"><iframe loading=\"lazy\" title=\"NOTICIERO 9 PM - PROMO FEBRERO 2024\" width=\"1200\" height=\"675\" src=\"https:\/\/www.youtube.com\/embed\/gch_6A_FpOM?feature=oembed\" frameborder=\"0\" allow=\"accelerometer; autoplay; clipboard-write; encrypted-media; gyroscope; picture-in-picture; web-share\" allowfullscreen><\/iframe><\/div>\n<hr \/>\n<h3 style=\"text-align: justify;\">RESUMEN INFORMATIVO 12 AM<\/h3>\n<div class=\"atbs-ceris-responsive-video\"><iframe loading=\"lazy\" title=\"RESUMEN INFORMATIVO PROMO FEBRERO 2024\" width=\"1200\" height=\"675\" src=\"https:\/\/www.youtube.com\/embed\/CCBceZlleMk?feature=oembed\" frameborder=\"0\" allow=\"accelerometer; autoplay; clipboard-write; encrypted-media; gyroscope; picture-in-picture; web-share\" allowfullscreen><\/iframe><\/div>\n<p><b>RESUMEN INFORMATIVO<\/b>\u00a0Termina tu jornada bien informado con los sucesos mas relevantes de San Luis Potos\u00ed,\u00a0Lunes a Viernes en punto de la Media Noche<\/p>\n<hr \/>\n<h3 style=\"text-align: justify;\"><\/h3>\n<p>&nbsp;<\/p>\n<p>&nbsp;<\/p>\n","protected":false},"excerpt":{"rendered":"<p>&nbsp; &nbsp; NOTICIERO MATUTINO 7 AM NOTICIERO 7AM\u00a0Amanezca bien informado, con lo m\u00e1s trascendental de las noticias locales, nacionales e internacionales, el clima, los espect\u00e1culos y deportes.\u00a0Un noticiero agradable en punto de las siete de la ma\u00f1ana de Lunes a Viernes. NOTICIERO PRIMERA EDICI\u00d3N 2 PM Lunes a viernes a las 14:00hrs ent\u00e9rese de los sucesos m\u00e1s importantes minuto a minuto de nuestro estado. Un noticiero veraz, oportuno e imparcial con la m\u00e1s amplia cobertura sin censura.\u00a0NOTICIEROS PRIMERA EDICI\u00d3N NOTICIERO ESTELAR 9 PM NOTICIERO ESTELAR 9 PM\u00a0Un equipo de reporteros y corresponsales distribuidos en todos los rincones de nuestro estado [&hellip;]<\/p>\n","protected":false},"author":1,"featured_media":0,"parent":3869,"menu_order":0,"comment_status":"closed","ping_status":"closed","template":"","meta":{"_monsterinsights_skip_tracking":false,"_monsterinsights_sitenote_active":false,"_monsterinsights_sitenote_note":"","_monsterinsights_sitenote_category":0,"footnotes":""},"class_list":["post-98270","page","type-page","status-publish","hentry","post--single"],"_links":{"self":[{"href":"https:\/\/canal7slp.tv\/2026\/wp-json\/wp\/v2\/pages\/98270","targetHints":{"allow":["GET"]}}],"collection":[{"href":"https:\/\/canal7slp.tv\/2026\/wp-json\/wp\/v2\/pages"}],"about":[{"href":"https:\/\/canal7slp.tv\/2026\/wp-json\/wp\/v2\/types\/page"}],"author":[{"embeddable":true,"href":"https:\/\/canal7slp.tv\/2026\/wp-json\/wp\/v2\/users\/1"}],"replies":[{"embeddable":true,"href":"https:\/\/canal7slp.tv\/2026\/wp-json\/wp\/v2\/comments?post=98270"}],"version-history":[{"count":5,"href":"https:\/\/canal7slp.tv\/2026\/wp-json\/wp\/v2\/pages\/98270\/revisions"}],"predecessor-version":[{"id":120260,"href":"https:\/\/canal7slp.tv\/2026\/wp-json\/wp\/v2\/pages\/98270\/revisions\/120260"}],"up":[{"embeddable":true,"href":"https:\/\/canal7slp.tv\/2026\/wp-json\/wp\/v2\/pages\/3869"}],"wp:attachment":[{"href":"https:\/\/canal7slp.tv\/2026\/wp-json\/wp\/v2\/media?parent=98270"}],"curies":[{"name":"wp","href":"https:\/\/api.w.org\/{rel}","templated":true}]}}