{"id":3713,"date":"2021-02-11T12:57:19","date_gmt":"2021-02-11T18:57:19","guid":{"rendered":"https:\/\/canal7slp.tv\/2026\/?page_id=3713"},"modified":"2026-01-01T04:29:29","modified_gmt":"2026-01-01T10:29:29","slug":"archivo","status":"publish","type":"page","link":"https:\/\/canal7slp.tv\/2026\/archivo\/","title":{"rendered":"ARCHIVO"},"content":{"rendered":"<p><strong>EDICIONES ANTERIORES<br \/>\n<\/strong>Da click en el la edici\u00f3n para abrir el archivo de noticias<\/p>\n<p><a href=\"https:\/\/canal7slp.tv\/2024\">Edici\u00f3n 2025<\/a><\/p>\n<p><a href=\"https:\/\/canal7slp.tv\/2024\">Edici\u00f3n 2024<\/a><\/p>\n<p><a href=\"https:\/\/canal7slp.tv\/2023\">Edici\u00f3n 2023<\/a><\/p>\n<p><a href=\"https:\/\/canal7slp.tv\/2022\">Edici\u00f3n 2022<\/a><\/p>\n<p><a href=\"https:\/\/canal7slp.tv\/2021\">Edici\u00f3n 2021<\/a><\/p>\n<p><a href=\"https:\/\/canal7slp.tv\/2020\">Edici\u00f3n 2020<\/a><\/p>\n<p><a href=\"https:\/\/canal7slp.tv\/2019\">Edici\u00f3n 2019<\/a><\/p>\n","protected":false},"excerpt":{"rendered":"<p>EDICIONES ANTERIORES Da click en el la edici\u00f3n para abrir el archivo de noticias Edici\u00f3n 2025 Edici\u00f3n 2024 Edici\u00f3n 2023 Edici\u00f3n 2022 Edici\u00f3n 2021 Edici\u00f3n 2020 Edici\u00f3n 2019<\/p>\n","protected":false},"author":1,"featured_media":0,"parent":0,"menu_order":0,"comment_status":"closed","ping_status":"closed","template":"","meta":{"_monsterinsights_skip_tracking":false,"_monsterinsights_sitenote_active":false,"_monsterinsights_sitenote_note":"","_monsterinsights_sitenote_category":0,"footnotes":""},"class_list":["post-3713","page","type-page","status-publish","hentry","post--single"],"_links":{"self":[{"href":"https:\/\/canal7slp.tv\/2026\/wp-json\/wp\/v2\/pages\/3713","targetHints":{"allow":["GET"]}}],"collection":[{"href":"https:\/\/canal7slp.tv\/2026\/wp-json\/wp\/v2\/pages"}],"about":[{"href":"https:\/\/canal7slp.tv\/2026\/wp-json\/wp\/v2\/types\/page"}],"author":[{"embeddable":true,"href":"https:\/\/canal7slp.tv\/2026\/wp-json\/wp\/v2\/users\/1"}],"replies":[{"embeddable":true,"href":"https:\/\/canal7slp.tv\/2026\/wp-json\/wp\/v2\/comments?post=3713"}],"version-history":[{"count":5,"href":"https:\/\/canal7slp.tv\/2026\/wp-json\/wp\/v2\/pages\/3713\/revisions"}],"predecessor-version":[{"id":189346,"href":"https:\/\/canal7slp.tv\/2026\/wp-json\/wp\/v2\/pages\/3713\/revisions\/189346"}],"wp:attachment":[{"href":"https:\/\/canal7slp.tv\/2026\/wp-json\/wp\/v2\/media?parent=3713"}],"curies":[{"name":"wp","href":"https:\/\/api.w.org\/{rel}","templated":true}]}}