{"id":47753,"date":"2022-01-11T22:13:32","date_gmt":"2022-01-12T04:13:32","guid":{"rendered":"https:\/\/canal7slp.tv\/2025\/?page_id=47753"},"modified":"2022-09-21T16:11:36","modified_gmt":"2022-09-21T22:11:36","slug":"defensoria","status":"publish","type":"page","link":"https:\/\/canal7slp.tv\/2025\/defensoria\/","title":{"rendered":"Defensor\u00eda de las Audiencias"},"content":{"rendered":"<p><img loading=\"lazy\" decoding=\"async\" class=\"aligncenter size-full wp-image-73423\" src=\"https:\/\/canal7slp.tv\/2025\/wp-content\/uploads\/2022\/09\/arms-and-hands-holding-speech.webp\" alt=\"\" width=\"600\" height=\"239\" srcset=\"https:\/\/canal7slp.tv\/2025\/wp-content\/uploads\/2022\/09\/arms-and-hands-holding-speech.webp 600w, https:\/\/canal7slp.tv\/2025\/wp-content\/uploads\/2022\/09\/arms-and-hands-holding-speech-300x120.webp 300w\" sizes=\"auto, (max-width: 600px) 100vw, 600px\" \/><\/p>\n<h3 id=\"section-604a594271b39-title\" class=\"s123-page-header \">\u00bfQU\u00c9 ES LA DEFENSOR\u00cdA DE LAS AUDIENCIAS?<\/h3>\n<p style=\"text-align: justify;\">La Defensor\u00eda de las Audiencias es un espacio de di\u00e1logo entre la ciudadan\u00eda y el medio de comunicaci\u00f3n, con el objetivo de motivar la participaci\u00f3n ciudadana frente a la programaci\u00f3n ofrecida a trav\u00e9s de los medios de comunicaci\u00f3n administrados y operados por el Sistema P\u00fablico de Radiodifusi\u00f3n del Estado Mexicano (SPR); Canal Catorce y las emisoras Altavoz a partir de estimular el ejercicio pleno de los derechos de las audiencias.<\/p>\n<p style=\"text-align: justify;\">La figura de la Defensor\u00eda de las Audiencias es un derecho instaurado en la Ley Federal de Telecomunicaciones y Radiodifusi\u00f3n (LFTR) de 2014, se constituye como pieza clave en la defensa de los derechos de las audiencias, al respecto, sus comentarios y mensajes son el punto de partida de la actividad de la misma y promueven su funcionamiento.<\/p>\n<p style=\"text-align: justify;\">La Defensor\u00eda promueve la formaci\u00f3n de audiencias cr\u00edticas, a trav\u00e9s de la alfabetizaci\u00f3n comunicacional. Adem\u00e1s de identificar y procesar las demandas y opiniones motivadas por la audiencia respecto a la programaci\u00f3n de Canal Catorce y las emisoras Altavoz.<\/p>\n<p style=\"text-align: justify;\">Son obligaciones establecidas por Ley: recibir, registrar, procesar y dar seguimiento y respuesta a las observaciones, quejas, sugerencias, peticiones o se\u00f1alamientos de las audiencias con respecto a la programaci\u00f3n que recibe (Art\u00edculo 259 LFTR).<\/p>\n<p style=\"text-align: justify;\">La existencia de la Defensor\u00eda de las Audiencias establece un v\u00ednculo con el ejercicio de la transparencia y participaci\u00f3n ciudadana en un medio de servicio p\u00fablico, permite fortalecer y respetar los Principios Rectores establecidos en la Ley del SPR y los C\u00f3digos de \u00c9tica de sus medios.<\/p>\n<p>&nbsp;<\/p>\n<hr \/>\n<h3 id=\"section-604a594271b39-title\" class=\"s123-page-header \">DERECHOS DE LAS AUDIENCIAS<\/h3>\n<p style=\"text-align: justify;\">Los derechos aqu\u00ed presentados refieren a los art\u00edculos de la Ley Federal de Telecomunicaciones y Radiodifusi\u00f3n de julio de 2014.<\/p>\n<p style=\"text-align: justify;\">1. Recibir servicios p\u00fablicos de radiodifusi\u00f3n sin ning\u00fan tipo de discriminaci\u00f3n sea por origen \u00e9tnico o nacional, g\u00e9nero, edad, discapacidades, condici\u00f3n social, condiciones de salud, religi\u00f3n, opiniones, preferencias sexuales, estado civil o cualquier otra que atente contra la dignidad humana y tenga por objeto anular o menoscabar los derechos y libertades de las personas. (Art\u00edculo 2, Art\u00edculo 256)<\/p>\n<p style=\"text-align: justify;\">2. Tener acceso a la informaci\u00f3n sobre las concesiones y la infraestructura de telecomunicaciones y radiodifusi\u00f3n integrada en el Registro P\u00fablico que lleve el Instituto Federal de Telecomunicaciones (IFT). (Art\u00edculo 176)<\/p>\n<p style=\"text-align: justify;\">3. A ejercer libremente, sin limitaci\u00f3n alguna ni censura previa ni persecuci\u00f3n o investigaci\u00f3n judicial o administrativa, el derecho a la informaci\u00f3n, de expresi\u00f3n y de recepci\u00f3n de contenidos a trav\u00e9s del servicio p\u00fablico de radiodifusi\u00f3n y de audio y televisi\u00f3n restringidos. (Art\u00edculo 222)<\/p>\n<p style=\"text-align: justify;\">4. Recibir programaci\u00f3n que propicie la integraci\u00f3n familiar. (Art\u00edculo 223)<\/p>\n<p style=\"text-align: justify;\">5. Recibir programaci\u00f3n que propicie el desarrollo arm\u00f3nico de la ni\u00f1ez. (Art\u00edculo 223)<\/p>\n<p style=\"text-align: justify;\">6. Recibir programaci\u00f3n que difunda los valores art\u00edsticos, hist\u00f3ricos y culturales. (Art\u00edculo 223)<\/p>\n<p style=\"text-align: justify;\">7. Recibir programaci\u00f3n que afirme nuestra unidad nacional. (Art\u00edculo 223)<\/p>\n<p style=\"text-align: justify;\">8. Recibir programaci\u00f3n que propicie la igualdad entre g\u00e9neros. (Art\u00edculo 223)<\/p>\n<p style=\"text-align: justify;\">9. Recibir programaci\u00f3n que divulgue el conocimiento cient\u00edfico y t\u00e9cnico. (Art\u00edculo 223)<\/p>\n<p style=\"text-align: justify;\">10. Recibir informaci\u00f3n que haga uso correcto del lenguaje. (Art\u00edculo 223)<\/p>\n<p style=\"text-align: justify;\">11. Derecho a bloquear canales y programas de la Tv restringida. (Art\u00edculo 225)<\/p>\n<p style=\"text-align: justify;\">12. Derecho a contar con programaci\u00f3n radiodifundida dirigida a la ni\u00f1ez que atienda los siguientes principios:<\/p>\n<p style=\"text-align: justify;\">a)Difundir informaci\u00f3n y programas que fortalezcan los valores culturales, \u00e9ticos y sociales;<\/p>\n<p style=\"text-align: justify;\">b)Evitar transmisiones contrarias a los principios de paz, no discriminaci\u00f3n y de respeto a la dignidad de todas las personas;<\/p>\n<p style=\"text-align: justify;\">c)Evitar contenidos que estimulen o hagan apolog\u00eda de la violencia;<\/p>\n<p style=\"text-align: justify;\">d)Informar y orientar sobre los derechos de la infancia;<\/p>\n<p style=\"text-align: justify;\">e)Promover su inter\u00e9s por la comprensi\u00f3n de los valores nacionales y el conocimiento de la comunidad internacional;<\/p>\n<p style=\"text-align: justify;\">f)Estimular su creatividad, as\u00ed como su inter\u00e9s por la cultura f\u00edsica, la integraci\u00f3n familiar y la solidaridad humana;<\/p>\n<p style=\"text-align: justify;\">g)Propiciar su inter\u00e9s por el conocimiento, particularmente en aspectos cient\u00edficos, art\u00edsticos y sociales;<\/p>\n<p style=\"text-align: justify;\">h)Fomentar el respeto a los derechos de las personas con discapacidad;<\/p>\n<p style=\"text-align: justify;\">i)Promover una cultura ambiental que fomente la conciencia, la conservaci\u00f3n, el respeto y la preservaci\u00f3n del medio ambiente;<\/p>\n<p style=\"text-align: justify;\">j)Estimular una cultura de prevenci\u00f3n y cuidado de la salud;<\/p>\n<p style=\"text-align: justify;\">k)Proporcionar informaci\u00f3n sobre protecci\u00f3n contra todo tipo de explotaci\u00f3n infantil y de trata de personas;<\/p>\n<p style=\"text-align: justify;\">l)Promover la tolerancia y el respeto a la diversidad de opiniones;<\/p>\n<p style=\"text-align: justify;\">m)Promover el derecho de las mujeres a una vida libre de violencia;<\/p>\n<p style=\"text-align: justify;\">n)Proteger la identidad de las v\u00edctimas de delitos sexuales, y<\/p>\n<p style=\"text-align: justify;\">o)Cumplir con la clasificaci\u00f3n y los horarios relativos a la utilizaci\u00f3n y difusi\u00f3n de contenidos pornogr\u00e1ficos. (Art\u00edculo 226)<\/p>\n<p style=\"text-align: justify;\">13. Derecho a recibir avisos parentales ante programas que puedan afectar el desarrollo de la infancia y los principios (Art\u00edculo 226).<\/p>\n<p style=\"text-align: justify;\">14. Derecho a ser informado de la clasificaci\u00f3n de los programas transmitidos a trav\u00e9s de los medios. (Art\u00edculo 227)<\/p>\n<p style=\"text-align: justify;\">15. Recibir programaci\u00f3n en el idioma nacional y en caso de otro idioma, derecho a contar con subtitulaje. (Art\u00edculo 230)<\/p>\n<p style=\"text-align: justify;\">16. Recibir programaci\u00f3n diaria con informaci\u00f3n sobre acontecimientos de car\u00e1cter pol\u00edtico, social, cultural y asuntos de inter\u00e9s general. (Art\u00edculo 231)<\/p>\n<p style=\"text-align: justify;\">17. Derecho a recibir programaci\u00f3n de la se\u00f1al radiodifundida en los canales del servicio restringido. (Art\u00edculo 232)<\/p>\n<p style=\"text-align: justify;\">18. Derecho a recibir publicidad y programaci\u00f3n que guarden equilibrio con el conjunto de la programaci\u00f3n. (Art\u00edculo 237)<\/p>\n<p style=\"text-align: justify;\">19. Derecho a no recibir publicidad enga\u00f1osa ni publicidad o propaganda presentada como informaci\u00f3n (Art\u00edculo 238)<\/p>\n<p style=\"text-align: justify;\">20. Derecho a recibir publicidad ajustada a la clasificaci\u00f3n horaria. (Art\u00edculo 224)<\/p>\n<p style=\"text-align: justify;\">21. A que la publicidad destinada a la poblaci\u00f3n infantil se atiendan los criterios establecidos en el Art\u00edculo 246.<\/p>\n<p style=\"text-align: justify;\">22. Derecho a recibir contenidos que reflejen el pluralismo ideol\u00f3gico, pol\u00edtico, social y cultural y ling\u00fc\u00edstico de la Naci\u00f3n. (Art\u00edculo 256)<\/p>\n<p style=\"text-align: justify;\">23. Derecho a recibir programaci\u00f3n que incluya diferentes g\u00e9neros que respondan a la expresi\u00f3n de la diversidad y pluralidad de ideas y opiniones que fortalezcan la vida democr\u00e1tica de la sociedad. (Art\u00edculo 256)<\/p>\n<p style=\"text-align: justify;\">25. En radiodifusi\u00f3n, que en la transmisi\u00f3n de programaci\u00f3n se aporten elementos para distinguir entre la publicidad y el contenido de un programa. (Art\u00edculo 256)<\/p>\n<p style=\"text-align: justify;\">26. En los servicios radiodifundidos, que se respeten los horarios de los programas y que se avise con oportunidad los cambios a la misma y se incluyan avisos parentales. (Art\u00edculo 256)<\/p>\n<p style=\"text-align: justify;\">27. Ejercer el derecho de r\u00e9plica, en los servicios radiodifundidos, en t\u00e9rminos de la ley reglamentaria. (Art\u00edculo 256)<\/p>\n<p style=\"text-align: justify;\">28. Que se mantenga la misma calidad y niveles de audio y video durante la programaci\u00f3n de los servicios de radiodifusi\u00f3n, incluidos los espacios publicitarios. (Art\u00edculo 256)<\/p>\n<p style=\"text-align: justify;\">29. Recibir programaci\u00f3n que respete los derechos humanos, el inter\u00e9s superior de la ni\u00f1ez, la igualdad de g\u00e9nero y la no discriminaci\u00f3n. (Art\u00edculo 256)<\/p>\n<p style=\"text-align: justify;\">30. Las audiencias con discapacidad gozar\u00e1n, adem\u00e1s de los otros derechos, los siguientes: (Art\u00edculo 258)<\/p>\n<p style=\"text-align: justify;\">a)Contar con servicios de subtitulaje, doblaje al espa\u00f1ol y lengua de se\u00f1as mexicana para accesibilidad a personas con debilidad auditiva. Estos servicios deber\u00e1n estar disponibles en al menos uno de los programas noticiosos de mayor audiencia a nivel nacional;<\/p>\n<p style=\"text-align: justify;\">b)Que se promueva el reconocimiento de sus capacidades, m\u00e9ritos y habilidades, as\u00ed como la necesidad de su atenci\u00f3n y respeto;<\/p>\n<p style=\"text-align: justify;\">c)Contar con mecanismos que les den accesibilidad para expresar sus reclamaciones, sugerencias y quejas a los defensores de las audiencias.<\/p>\n<p style=\"text-align: justify;\">d)Acceso a la gu\u00eda de programaci\u00f3n a trav\u00e9s de un n\u00famero telef\u00f3nico o de portales de Internet de los concesionarios en formatos accesibles para personas con discapacidad.<\/p>\n<p style=\"text-align: justify;\">31.Derecho a conocer los C\u00f3digos de \u00c9tica de los concesionarios de Radio y Televisi\u00f3n donde queden expl\u00edcitos los mecanismos de su protecci\u00f3n. (Art\u00edculo 6. B frcc. VI de la Constituci\u00f3n)<\/p>\n<p style=\"text-align: justify;\">32.Derecho a contar con un defensor de la audiencia en los medios para recibir, documentar, procesar y dar seguimiento a las observaciones, quejas, sugerencias, peticiones o se\u00f1alamientos que hagan las audiencias. (Art\u00edculo 259)<\/p>\n<p style=\"text-align: justify;\">Adem\u00e1s de los derechos incorporados en la Ley Federal de Telecomunicaciones y Radiodifusi\u00f3n, existen derechos ciudadanos vinculados a la radiodifusi\u00f3n en los siguientes ordenamientos jur\u00eddicos:<\/p>\n<p class=\"no-list\" style=\"text-align: justify;\"><a href=\"https:\/\/bit.ly\/3iTrOEb\" target=\"_blank\" rel=\"noopener\">1. Ley General de los Derechos de Ni\u00f1as, Ni\u00f1os y Adolescentes.<\/a><\/p>\n<p class=\"no-list\" style=\"text-align: justify;\"><a href=\"https:\/\/bit.ly\/2M9SIfg\" target=\"_blank\" rel=\"noopener\">2. Ley General de Acceso de las Mujeres a Una Vida Libre de Violenci<\/a><\/p>\n<p class=\"no-list\" style=\"text-align: justify;\"><a href=\"https:\/\/bit.ly\/3okRcnr\" target=\"_blank\" rel=\"noopener\">3. Ley Federal para Prevenir y Eliminar la Discriminaci\u00f3n.<\/a><\/p>\n<p class=\"no-list\" style=\"text-align: justify;\"><a href=\"https:\/\/bit.ly\/2Yndc6S\" target=\"_blank\" rel=\"noopener\">4. Lineamientos Generales Sobre la Informaci\u00f3n y Materiales para la Difusi\u00f3n entre Ni\u00f1as, Ni\u00f1os y Adolescentes.<\/a><\/p>\n<p style=\"text-align: justify;\">Nota: Los art\u00edculos marcados en negritas son los derechos de las audiencias expl\u00edcitos puntualmente, los dem\u00e1s derechos emanan del contenido general de la Ley.<\/p>\n<hr \/>\n<h5 id=\"section-604a594271b39-title\" class=\"s123-page-header \"><span style=\"color: #000000;\">LAE. FEDERICO HERN\u00c1NDEZ VEL\u00c1ZQUEZ<\/span><br \/>\nDEFENSOR DE LA AUDIENCIA<\/h5>\n<p style=\"text-align: justify;\">La defensor\u00eda est\u00e1 atenta a todos los contenidos, y mayormente, atenta a la opini\u00f3n de las audiencias, para que a trav\u00e9s de sus opiniones; de sus demandas de informaci\u00f3n, nos ayuden a retroalimentar la propuesta de televisi\u00f3n que sea de utilidad para nuestra comunidad.<\/p>\n<p style=\"text-align: justify;\">Escribe tus quejas o peticiones al correo:<\/p>\n<p style=\"text-align: justify;\"><a href=\"mailto:defensor@canal7slp.tv\">defensor@canal7slp.tv<\/a><\/p>\n","protected":false},"excerpt":{"rendered":"<p>\u00bfQU\u00c9 ES LA DEFENSOR\u00cdA DE LAS AUDIENCIAS? La Defensor\u00eda de las Audiencias es un espacio de di\u00e1logo entre la ciudadan\u00eda y el medio de comunicaci\u00f3n, con el objetivo de motivar la participaci\u00f3n ciudadana frente a la programaci\u00f3n ofrecida a trav\u00e9s de los medios de comunicaci\u00f3n administrados y operados por el Sistema P\u00fablico de Radiodifusi\u00f3n del Estado Mexicano (SPR); Canal Catorce y las emisoras Altavoz a partir de estimular el ejercicio pleno de los derechos de las audiencias. La figura de la Defensor\u00eda de las Audiencias es un derecho instaurado en la Ley Federal de Telecomunicaciones y Radiodifusi\u00f3n (LFTR) de 2014, [&hellip;]<\/p>\n","protected":false},"author":1,"featured_media":0,"parent":0,"menu_order":0,"comment_status":"closed","ping_status":"closed","template":"","meta":{"_monsterinsights_skip_tracking":false,"_monsterinsights_sitenote_active":false,"_monsterinsights_sitenote_note":"","_monsterinsights_sitenote_category":0,"footnotes":""},"class_list":["post-47753","page","type-page","status-publish","hentry","post--single"],"yoast_head":"<!-- This site is optimized with the Yoast SEO plugin v27.3 - https:\/\/yoast.com\/product\/yoast-seo-wordpress\/ -->\n<title>Defensor\u00eda de las Audiencias - Canal 7 SLP - 2025<\/title>\n<meta name=\"robots\" content=\"index, follow, max-snippet:-1, max-image-preview:large, max-video-preview:-1\" \/>\n<link rel=\"canonical\" href=\"https:\/\/canal7slp.tv\/2025\/defensoria\/\" \/>\n<meta property=\"og:locale\" content=\"es_ES\" \/>\n<meta property=\"og:type\" content=\"article\" \/>\n<meta property=\"og:title\" content=\"Defensor\u00eda de las Audiencias - Canal 7 SLP - 2025\" \/>\n<meta property=\"og:description\" content=\"\u00bfQU\u00c9 ES LA DEFENSOR\u00cdA DE LAS AUDIENCIAS? La Defensor\u00eda de las Audiencias es un espacio de di\u00e1logo entre la ciudadan\u00eda y el medio de comunicaci\u00f3n, con el objetivo de motivar la participaci\u00f3n ciudadana frente a la programaci\u00f3n ofrecida a trav\u00e9s de los medios de comunicaci\u00f3n administrados y operados por el Sistema P\u00fablico de Radiodifusi\u00f3n del Estado Mexicano (SPR); Canal Catorce y las emisoras Altavoz a partir de estimular el ejercicio pleno de los derechos de las audiencias. La figura de la Defensor\u00eda de las Audiencias es un derecho instaurado en la Ley Federal de Telecomunicaciones y Radiodifusi\u00f3n (LFTR) de 2014, [&hellip;]\" \/>\n<meta property=\"og:url\" content=\"https:\/\/canal7slp.tv\/2025\/defensoria\/\" \/>\n<meta property=\"og:site_name\" content=\"Canal 7 SLP - 2025\" \/>\n<meta property=\"article:publisher\" content=\"https:\/\/www.facebook.com\/noticieroscanal7atencionciudadana\/\" \/>\n<meta property=\"article:modified_time\" content=\"2022-09-21T22:11:36+00:00\" \/>\n<meta property=\"og:image\" content=\"https:\/\/canal7slp.tv\/2025\/wp-content\/uploads\/2022\/09\/arms-and-hands-holding-speech.webp\" \/>\n<meta name=\"twitter:card\" content=\"summary_large_image\" \/>\n<meta name=\"twitter:site\" content=\"@NOTICIEROS7\" \/>\n<meta name=\"twitter:label1\" content=\"Tiempo de lectura\" \/>\n\t<meta name=\"twitter:data1\" content=\"7 minutos\" \/>\n<script type=\"application\/ld+json\" class=\"yoast-schema-graph\">{\"@context\":\"https:\\\/\\\/schema.org\",\"@graph\":[{\"@type\":\"WebPage\",\"@id\":\"https:\\\/\\\/canal7slp.tv\\\/2025\\\/defensoria\\\/\",\"url\":\"https:\\\/\\\/canal7slp.tv\\\/2025\\\/defensoria\\\/\",\"name\":\"Defensor\u00eda de las Audiencias - Canal 7 SLP - 2025\",\"isPartOf\":{\"@id\":\"https:\\\/\\\/canal7slp.tv\\\/2025\\\/#website\"},\"primaryImageOfPage\":{\"@id\":\"https:\\\/\\\/canal7slp.tv\\\/2025\\\/defensoria\\\/#primaryimage\"},\"image\":{\"@id\":\"https:\\\/\\\/canal7slp.tv\\\/2025\\\/defensoria\\\/#primaryimage\"},\"thumbnailUrl\":\"https:\\\/\\\/canal7slp.tv\\\/2025\\\/wp-content\\\/uploads\\\/2022\\\/09\\\/arms-and-hands-holding-speech.webp\",\"datePublished\":\"2022-01-12T04:13:32+00:00\",\"dateModified\":\"2022-09-21T22:11:36+00:00\",\"breadcrumb\":{\"@id\":\"https:\\\/\\\/canal7slp.tv\\\/2025\\\/defensoria\\\/#breadcrumb\"},\"inLanguage\":\"es\",\"potentialAction\":[{\"@type\":\"ReadAction\",\"target\":[\"https:\\\/\\\/canal7slp.tv\\\/2025\\\/defensoria\\\/\"]}]},{\"@type\":\"ImageObject\",\"inLanguage\":\"es\",\"@id\":\"https:\\\/\\\/canal7slp.tv\\\/2025\\\/defensoria\\\/#primaryimage\",\"url\":\"https:\\\/\\\/canal7slp.tv\\\/2025\\\/wp-content\\\/uploads\\\/2022\\\/09\\\/arms-and-hands-holding-speech.webp\",\"contentUrl\":\"https:\\\/\\\/canal7slp.tv\\\/2025\\\/wp-content\\\/uploads\\\/2022\\\/09\\\/arms-and-hands-holding-speech.webp\",\"width\":600,\"height\":239},{\"@type\":\"BreadcrumbList\",\"@id\":\"https:\\\/\\\/canal7slp.tv\\\/2025\\\/defensoria\\\/#breadcrumb\",\"itemListElement\":[{\"@type\":\"ListItem\",\"position\":1,\"name\":\"Portada\",\"item\":\"https:\\\/\\\/canal7slp.tv\\\/2025\\\/\"},{\"@type\":\"ListItem\",\"position\":2,\"name\":\"Defensor\u00eda de las Audiencias\"}]},{\"@type\":\"WebSite\",\"@id\":\"https:\\\/\\\/canal7slp.tv\\\/2025\\\/#website\",\"url\":\"https:\\\/\\\/canal7slp.tv\\\/2025\\\/\",\"name\":\"N7 - Noticieros Canal 7\",\"description\":\"Somos el Medio\",\"publisher\":{\"@id\":\"https:\\\/\\\/canal7slp.tv\\\/2025\\\/#organization\"},\"potentialAction\":[{\"@type\":\"SearchAction\",\"target\":{\"@type\":\"EntryPoint\",\"urlTemplate\":\"https:\\\/\\\/canal7slp.tv\\\/2025\\\/?s={search_term_string}\"},\"query-input\":{\"@type\":\"PropertyValueSpecification\",\"valueRequired\":true,\"valueName\":\"search_term_string\"}}],\"inLanguage\":\"es\"},{\"@type\":\"Organization\",\"@id\":\"https:\\\/\\\/canal7slp.tv\\\/2025\\\/#organization\",\"name\":\"Noticieros Canal 7\",\"url\":\"https:\\\/\\\/canal7slp.tv\\\/2025\\\/\",\"logo\":{\"@type\":\"ImageObject\",\"inLanguage\":\"es\",\"@id\":\"https:\\\/\\\/canal7slp.tv\\\/2025\\\/#\\\/schema\\\/logo\\\/image\\\/\",\"url\":\"https:\\\/\\\/canal7slp.tv\\\/2025\\\/wp-content\\\/uploads\\\/2021\\\/01\\\/logo-noticieros@2x.png\",\"contentUrl\":\"https:\\\/\\\/canal7slp.tv\\\/2025\\\/wp-content\\\/uploads\\\/2021\\\/01\\\/logo-noticieros@2x.png\",\"width\":1017,\"height\":268,\"caption\":\"Noticieros Canal 7\"},\"image\":{\"@id\":\"https:\\\/\\\/canal7slp.tv\\\/2025\\\/#\\\/schema\\\/logo\\\/image\\\/\"},\"sameAs\":[\"https:\\\/\\\/www.facebook.com\\\/noticieroscanal7atencionciudadana\\\/\",\"https:\\\/\\\/x.com\\\/NOTICIEROS7\",\"https:\\\/\\\/www.instagram.com\\\/canal7_slp\",\"https:\\\/\\\/www.youtube.com\\\/channel\\\/UCliiYs-gP3JfJeqdPrNdd5A\"]}]}<\/script>\n<!-- \/ Yoast SEO plugin. -->","yoast_head_json":{"title":"Defensor\u00eda de las Audiencias - Canal 7 SLP - 2025","robots":{"index":"index","follow":"follow","max-snippet":"max-snippet:-1","max-image-preview":"max-image-preview:large","max-video-preview":"max-video-preview:-1"},"canonical":"https:\/\/canal7slp.tv\/2025\/defensoria\/","og_locale":"es_ES","og_type":"article","og_title":"Defensor\u00eda de las Audiencias - Canal 7 SLP - 2025","og_description":"\u00bfQU\u00c9 ES LA DEFENSOR\u00cdA DE LAS AUDIENCIAS? La Defensor\u00eda de las Audiencias es un espacio de di\u00e1logo entre la ciudadan\u00eda y el medio de comunicaci\u00f3n, con el objetivo de motivar la participaci\u00f3n ciudadana frente a la programaci\u00f3n ofrecida a trav\u00e9s de los medios de comunicaci\u00f3n administrados y operados por el Sistema P\u00fablico de Radiodifusi\u00f3n del Estado Mexicano (SPR); Canal Catorce y las emisoras Altavoz a partir de estimular el ejercicio pleno de los derechos de las audiencias. La figura de la Defensor\u00eda de las Audiencias es un derecho instaurado en la Ley Federal de Telecomunicaciones y Radiodifusi\u00f3n (LFTR) de 2014, [&hellip;]","og_url":"https:\/\/canal7slp.tv\/2025\/defensoria\/","og_site_name":"Canal 7 SLP - 2025","article_publisher":"https:\/\/www.facebook.com\/noticieroscanal7atencionciudadana\/","article_modified_time":"2022-09-21T22:11:36+00:00","og_image":[{"url":"https:\/\/canal7slp.tv\/2025\/wp-content\/uploads\/2022\/09\/arms-and-hands-holding-speech.webp","type":"","width":"","height":""}],"twitter_card":"summary_large_image","twitter_site":"@NOTICIEROS7","twitter_misc":{"Tiempo de lectura":"7 minutos"},"schema":{"@context":"https:\/\/schema.org","@graph":[{"@type":"WebPage","@id":"https:\/\/canal7slp.tv\/2025\/defensoria\/","url":"https:\/\/canal7slp.tv\/2025\/defensoria\/","name":"Defensor\u00eda de las Audiencias - Canal 7 SLP - 2025","isPartOf":{"@id":"https:\/\/canal7slp.tv\/2025\/#website"},"primaryImageOfPage":{"@id":"https:\/\/canal7slp.tv\/2025\/defensoria\/#primaryimage"},"image":{"@id":"https:\/\/canal7slp.tv\/2025\/defensoria\/#primaryimage"},"thumbnailUrl":"https:\/\/canal7slp.tv\/2025\/wp-content\/uploads\/2022\/09\/arms-and-hands-holding-speech.webp","datePublished":"2022-01-12T04:13:32+00:00","dateModified":"2022-09-21T22:11:36+00:00","breadcrumb":{"@id":"https:\/\/canal7slp.tv\/2025\/defensoria\/#breadcrumb"},"inLanguage":"es","potentialAction":[{"@type":"ReadAction","target":["https:\/\/canal7slp.tv\/2025\/defensoria\/"]}]},{"@type":"ImageObject","inLanguage":"es","@id":"https:\/\/canal7slp.tv\/2025\/defensoria\/#primaryimage","url":"https:\/\/canal7slp.tv\/2025\/wp-content\/uploads\/2022\/09\/arms-and-hands-holding-speech.webp","contentUrl":"https:\/\/canal7slp.tv\/2025\/wp-content\/uploads\/2022\/09\/arms-and-hands-holding-speech.webp","width":600,"height":239},{"@type":"BreadcrumbList","@id":"https:\/\/canal7slp.tv\/2025\/defensoria\/#breadcrumb","itemListElement":[{"@type":"ListItem","position":1,"name":"Portada","item":"https:\/\/canal7slp.tv\/2025\/"},{"@type":"ListItem","position":2,"name":"Defensor\u00eda de las Audiencias"}]},{"@type":"WebSite","@id":"https:\/\/canal7slp.tv\/2025\/#website","url":"https:\/\/canal7slp.tv\/2025\/","name":"N7 - Noticieros Canal 7","description":"Somos el Medio","publisher":{"@id":"https:\/\/canal7slp.tv\/2025\/#organization"},"potentialAction":[{"@type":"SearchAction","target":{"@type":"EntryPoint","urlTemplate":"https:\/\/canal7slp.tv\/2025\/?s={search_term_string}"},"query-input":{"@type":"PropertyValueSpecification","valueRequired":true,"valueName":"search_term_string"}}],"inLanguage":"es"},{"@type":"Organization","@id":"https:\/\/canal7slp.tv\/2025\/#organization","name":"Noticieros Canal 7","url":"https:\/\/canal7slp.tv\/2025\/","logo":{"@type":"ImageObject","inLanguage":"es","@id":"https:\/\/canal7slp.tv\/2025\/#\/schema\/logo\/image\/","url":"https:\/\/canal7slp.tv\/2025\/wp-content\/uploads\/2021\/01\/logo-noticieros@2x.png","contentUrl":"https:\/\/canal7slp.tv\/2025\/wp-content\/uploads\/2021\/01\/logo-noticieros@2x.png","width":1017,"height":268,"caption":"Noticieros Canal 7"},"image":{"@id":"https:\/\/canal7slp.tv\/2025\/#\/schema\/logo\/image\/"},"sameAs":["https:\/\/www.facebook.com\/noticieroscanal7atencionciudadana\/","https:\/\/x.com\/NOTICIEROS7","https:\/\/www.instagram.com\/canal7_slp","https:\/\/www.youtube.com\/channel\/UCliiYs-gP3JfJeqdPrNdd5A"]}]}},"_links":{"self":[{"href":"https:\/\/canal7slp.tv\/2025\/wp-json\/wp\/v2\/pages\/47753","targetHints":{"allow":["GET"]}}],"collection":[{"href":"https:\/\/canal7slp.tv\/2025\/wp-json\/wp\/v2\/pages"}],"about":[{"href":"https:\/\/canal7slp.tv\/2025\/wp-json\/wp\/v2\/types\/page"}],"author":[{"embeddable":true,"href":"https:\/\/canal7slp.tv\/2025\/wp-json\/wp\/v2\/users\/1"}],"replies":[{"embeddable":true,"href":"https:\/\/canal7slp.tv\/2025\/wp-json\/wp\/v2\/comments?post=47753"}],"version-history":[{"count":5,"href":"https:\/\/canal7slp.tv\/2025\/wp-json\/wp\/v2\/pages\/47753\/revisions"}],"predecessor-version":[{"id":73439,"href":"https:\/\/canal7slp.tv\/2025\/wp-json\/wp\/v2\/pages\/47753\/revisions\/73439"}],"wp:attachment":[{"href":"https:\/\/canal7slp.tv\/2025\/wp-json\/wp\/v2\/media?parent=47753"}],"curies":[{"name":"wp","href":"https:\/\/api.w.org\/{rel}","templated":true}]}}