{"id":98295,"date":"2021-02-11T19:22:37","date_gmt":"2021-02-12T01:22:37","guid":{"rendered":"https:\/\/canal7slp.tv\/2023\/?page_id=98295"},"modified":"2023-11-15T22:15:40","modified_gmt":"2023-11-16T04:15:40","slug":"gadgets","status":"publish","type":"page","link":"https:\/\/canal7slp.tv\/2023\/producciones\/gadgets\/","title":{"rendered":"GADGETS"},"content":{"rendered":"<div class=\"atbs-ceris-responsive-video\"><iframe loading=\"lazy\" title=\"GADGETS - PROMO NOVIEMBRE 2023\" width=\"1200\" height=\"675\" src=\"https:\/\/www.youtube.com\/embed\/UyQkjMnPmwc?feature=oembed\" frameborder=\"0\" allow=\"accelerometer; autoplay; clipboard-write; encrypted-media; gyroscope; picture-in-picture; web-share\" allowfullscreen><\/iframe><\/div>\n<p>Gadgets\u00a0es un espacio especializado en las nuevas tecnolog\u00edas, con videojuegos, software, c\u00e1maras, audio-video, inventos y las tendencias digitales que hacen nuestra vida mucho m\u00e1s pr\u00e1ctica.<\/p>\n<p>Sorpr\u00e9ndete con los dise\u00f1os m\u00e1s ingeniosos en Gadgets. Lunes a viernes a las 17:00hrs-S\u00e1bado y domingo 11:30hrs.<\/p>\n<hr \/>\n","protected":false},"excerpt":{"rendered":"<p>Gadgets\u00a0es un espacio especializado en las nuevas tecnolog\u00edas, con videojuegos, software, c\u00e1maras, audio-video, inventos y las tendencias digitales que hacen nuestra vida mucho m\u00e1s pr\u00e1ctica. Sorpr\u00e9ndete con los dise\u00f1os m\u00e1s ingeniosos en Gadgets. Lunes a viernes a las 17:00hrs-S\u00e1bado y domingo 11:30hrs.<\/p>\n","protected":false},"author":1,"featured_media":0,"parent":3869,"menu_order":0,"comment_status":"closed","ping_status":"closed","template":"","meta":{"footnotes":""},"class_list":["post-98295","page","type-page","status-publish","hentry","post--single"],"yoast_head":"<!-- This site is optimized with the Yoast SEO plugin v27.3 - https:\/\/yoast.com\/product\/yoast-seo-wordpress\/ -->\n<title>GADGETS - Canal 7 SLP - 2023<\/title>\n<meta name=\"robots\" content=\"index, follow, max-snippet:-1, max-image-preview:large, max-video-preview:-1\" \/>\n<link rel=\"canonical\" href=\"https:\/\/canal7slp.tv\/2023\/producciones\/gadgets\/\" \/>\n<meta property=\"og:locale\" content=\"es_ES\" \/>\n<meta property=\"og:type\" content=\"article\" \/>\n<meta property=\"og:title\" content=\"GADGETS - Canal 7 SLP - 2023\" \/>\n<meta property=\"og:description\" content=\"Gadgets\u00a0es un espacio especializado en las nuevas tecnolog\u00edas, con videojuegos, software, c\u00e1maras, audio-video, inventos y las tendencias digitales que hacen nuestra vida mucho m\u00e1s pr\u00e1ctica. Sorpr\u00e9ndete con los dise\u00f1os m\u00e1s ingeniosos en Gadgets. Lunes a viernes a las 17:00hrs-S\u00e1bado y domingo 11:30hrs.\" \/>\n<meta property=\"og:url\" content=\"https:\/\/canal7slp.tv\/2023\/producciones\/gadgets\/\" \/>\n<meta property=\"og:site_name\" content=\"Canal 7 SLP - 2023\" \/>\n<meta property=\"article:publisher\" content=\"https:\/\/www.facebook.com\/noticieroscanalsiete\" \/>\n<meta property=\"article:modified_time\" content=\"2023-11-16T04:15:40+00:00\" \/>\n<meta name=\"twitter:card\" content=\"summary_large_image\" \/>\n<meta name=\"twitter:site\" content=\"@NOTICIEROS7\" \/>\n<meta name=\"twitter:label1\" content=\"Tiempo de lectura\" \/>\n\t<meta name=\"twitter:data1\" content=\"1 minuto\" \/>\n<script type=\"application\/ld+json\" class=\"yoast-schema-graph\">{\"@context\":\"https:\\\/\\\/schema.org\",\"@graph\":[{\"@type\":\"WebPage\",\"@id\":\"https:\\\/\\\/canal7slp.tv\\\/2023\\\/producciones\\\/gadgets\\\/\",\"url\":\"https:\\\/\\\/canal7slp.tv\\\/2023\\\/producciones\\\/gadgets\\\/\",\"name\":\"GADGETS - Canal 7 SLP - 2023\",\"isPartOf\":{\"@id\":\"https:\\\/\\\/canal7slp.tv\\\/2023\\\/#website\"},\"datePublished\":\"2021-02-12T01:22:37+00:00\",\"dateModified\":\"2023-11-16T04:15:40+00:00\",\"breadcrumb\":{\"@id\":\"https:\\\/\\\/canal7slp.tv\\\/2023\\\/producciones\\\/gadgets\\\/#breadcrumb\"},\"inLanguage\":\"es\",\"potentialAction\":[{\"@type\":\"ReadAction\",\"target\":[\"https:\\\/\\\/canal7slp.tv\\\/2023\\\/producciones\\\/gadgets\\\/\"]}]},{\"@type\":\"BreadcrumbList\",\"@id\":\"https:\\\/\\\/canal7slp.tv\\\/2023\\\/producciones\\\/gadgets\\\/#breadcrumb\",\"itemListElement\":[{\"@type\":\"ListItem\",\"position\":1,\"name\":\"Portada\",\"item\":\"https:\\\/\\\/canal7slp.tv\\\/2023\\\/\"},{\"@type\":\"ListItem\",\"position\":2,\"name\":\"PRODUCCIONES CANAL 7\",\"item\":\"https:\\\/\\\/canal7slp.tv\\\/2023\\\/producciones\\\/\"},{\"@type\":\"ListItem\",\"position\":3,\"name\":\"GADGETS\"}]},{\"@type\":\"WebSite\",\"@id\":\"https:\\\/\\\/canal7slp.tv\\\/2023\\\/#website\",\"url\":\"https:\\\/\\\/canal7slp.tv\\\/2023\\\/\",\"name\":\"N7 - Noticieros Canal 7\",\"description\":\"Somos Televisi\u00f3n\",\"publisher\":{\"@id\":\"https:\\\/\\\/canal7slp.tv\\\/2023\\\/#organization\"},\"potentialAction\":[{\"@type\":\"SearchAction\",\"target\":{\"@type\":\"EntryPoint\",\"urlTemplate\":\"https:\\\/\\\/canal7slp.tv\\\/2023\\\/?s={search_term_string}\"},\"query-input\":{\"@type\":\"PropertyValueSpecification\",\"valueRequired\":true,\"valueName\":\"search_term_string\"}}],\"inLanguage\":\"es\"},{\"@type\":\"Organization\",\"@id\":\"https:\\\/\\\/canal7slp.tv\\\/2023\\\/#organization\",\"name\":\"Noticieros Canal 7\",\"url\":\"https:\\\/\\\/canal7slp.tv\\\/2023\\\/\",\"logo\":{\"@type\":\"ImageObject\",\"inLanguage\":\"es\",\"@id\":\"https:\\\/\\\/canal7slp.tv\\\/2023\\\/#\\\/schema\\\/logo\\\/image\\\/\",\"url\":\"https:\\\/\\\/canal7slp.tv\\\/2023\\\/wp-content\\\/uploads\\\/2021\\\/01\\\/logo-noticieros@2x.png\",\"contentUrl\":\"https:\\\/\\\/canal7slp.tv\\\/2023\\\/wp-content\\\/uploads\\\/2021\\\/01\\\/logo-noticieros@2x.png\",\"width\":1017,\"height\":268,\"caption\":\"Noticieros Canal 7\"},\"image\":{\"@id\":\"https:\\\/\\\/canal7slp.tv\\\/2023\\\/#\\\/schema\\\/logo\\\/image\\\/\"},\"sameAs\":[\"https:\\\/\\\/www.facebook.com\\\/noticieroscanalsiete\",\"https:\\\/\\\/x.com\\\/NOTICIEROS7\",\"https:\\\/\\\/www.instagram.com\\\/canal7_slp\",\"https:\\\/\\\/www.youtube.com\\\/channel\\\/UCliiYs-gP3JfJeqdPrNdd5A\"]}]}<\/script>\n<!-- \/ Yoast SEO plugin. -->","yoast_head_json":{"title":"GADGETS - Canal 7 SLP - 2023","robots":{"index":"index","follow":"follow","max-snippet":"max-snippet:-1","max-image-preview":"max-image-preview:large","max-video-preview":"max-video-preview:-1"},"canonical":"https:\/\/canal7slp.tv\/2023\/producciones\/gadgets\/","og_locale":"es_ES","og_type":"article","og_title":"GADGETS - Canal 7 SLP - 2023","og_description":"Gadgets\u00a0es un espacio especializado en las nuevas tecnolog\u00edas, con videojuegos, software, c\u00e1maras, audio-video, inventos y las tendencias digitales que hacen nuestra vida mucho m\u00e1s pr\u00e1ctica. Sorpr\u00e9ndete con los dise\u00f1os m\u00e1s ingeniosos en Gadgets. Lunes a viernes a las 17:00hrs-S\u00e1bado y domingo 11:30hrs.","og_url":"https:\/\/canal7slp.tv\/2023\/producciones\/gadgets\/","og_site_name":"Canal 7 SLP - 2023","article_publisher":"https:\/\/www.facebook.com\/noticieroscanalsiete","article_modified_time":"2023-11-16T04:15:40+00:00","twitter_card":"summary_large_image","twitter_site":"@NOTICIEROS7","twitter_misc":{"Tiempo de lectura":"1 minuto"},"schema":{"@context":"https:\/\/schema.org","@graph":[{"@type":"WebPage","@id":"https:\/\/canal7slp.tv\/2023\/producciones\/gadgets\/","url":"https:\/\/canal7slp.tv\/2023\/producciones\/gadgets\/","name":"GADGETS - Canal 7 SLP - 2023","isPartOf":{"@id":"https:\/\/canal7slp.tv\/2023\/#website"},"datePublished":"2021-02-12T01:22:37+00:00","dateModified":"2023-11-16T04:15:40+00:00","breadcrumb":{"@id":"https:\/\/canal7slp.tv\/2023\/producciones\/gadgets\/#breadcrumb"},"inLanguage":"es","potentialAction":[{"@type":"ReadAction","target":["https:\/\/canal7slp.tv\/2023\/producciones\/gadgets\/"]}]},{"@type":"BreadcrumbList","@id":"https:\/\/canal7slp.tv\/2023\/producciones\/gadgets\/#breadcrumb","itemListElement":[{"@type":"ListItem","position":1,"name":"Portada","item":"https:\/\/canal7slp.tv\/2023\/"},{"@type":"ListItem","position":2,"name":"PRODUCCIONES CANAL 7","item":"https:\/\/canal7slp.tv\/2023\/producciones\/"},{"@type":"ListItem","position":3,"name":"GADGETS"}]},{"@type":"WebSite","@id":"https:\/\/canal7slp.tv\/2023\/#website","url":"https:\/\/canal7slp.tv\/2023\/","name":"N7 - Noticieros Canal 7","description":"Somos Televisi\u00f3n","publisher":{"@id":"https:\/\/canal7slp.tv\/2023\/#organization"},"potentialAction":[{"@type":"SearchAction","target":{"@type":"EntryPoint","urlTemplate":"https:\/\/canal7slp.tv\/2023\/?s={search_term_string}"},"query-input":{"@type":"PropertyValueSpecification","valueRequired":true,"valueName":"search_term_string"}}],"inLanguage":"es"},{"@type":"Organization","@id":"https:\/\/canal7slp.tv\/2023\/#organization","name":"Noticieros Canal 7","url":"https:\/\/canal7slp.tv\/2023\/","logo":{"@type":"ImageObject","inLanguage":"es","@id":"https:\/\/canal7slp.tv\/2023\/#\/schema\/logo\/image\/","url":"https:\/\/canal7slp.tv\/2023\/wp-content\/uploads\/2021\/01\/logo-noticieros@2x.png","contentUrl":"https:\/\/canal7slp.tv\/2023\/wp-content\/uploads\/2021\/01\/logo-noticieros@2x.png","width":1017,"height":268,"caption":"Noticieros Canal 7"},"image":{"@id":"https:\/\/canal7slp.tv\/2023\/#\/schema\/logo\/image\/"},"sameAs":["https:\/\/www.facebook.com\/noticieroscanalsiete","https:\/\/x.com\/NOTICIEROS7","https:\/\/www.instagram.com\/canal7_slp","https:\/\/www.youtube.com\/channel\/UCliiYs-gP3JfJeqdPrNdd5A"]}]}},"_links":{"self":[{"href":"https:\/\/canal7slp.tv\/2023\/wp-json\/wp\/v2\/pages\/98295","targetHints":{"allow":["GET"]}}],"collection":[{"href":"https:\/\/canal7slp.tv\/2023\/wp-json\/wp\/v2\/pages"}],"about":[{"href":"https:\/\/canal7slp.tv\/2023\/wp-json\/wp\/v2\/types\/page"}],"author":[{"embeddable":true,"href":"https:\/\/canal7slp.tv\/2023\/wp-json\/wp\/v2\/users\/1"}],"replies":[{"embeddable":true,"href":"https:\/\/canal7slp.tv\/2023\/wp-json\/wp\/v2\/comments?post=98295"}],"version-history":[{"count":2,"href":"https:\/\/canal7slp.tv\/2023\/wp-json\/wp\/v2\/pages\/98295\/revisions"}],"predecessor-version":[{"id":113270,"href":"https:\/\/canal7slp.tv\/2023\/wp-json\/wp\/v2\/pages\/98295\/revisions\/113270"}],"up":[{"embeddable":true,"href":"https:\/\/canal7slp.tv\/2023\/wp-json\/wp\/v2\/pages\/3869"}],"wp:attachment":[{"href":"https:\/\/canal7slp.tv\/2023\/wp-json\/wp\/v2\/media?parent=98295"}],"curies":[{"name":"wp","href":"https:\/\/api.w.org\/{rel}","templated":true}]}}